{"id":782,"date":"2025-09-30T15:19:52","date_gmt":"2025-09-30T13:19:52","guid":{"rendered":"https:\/\/qoe.agh.edu.pl\/?page_id=782"},"modified":"2025-09-30T15:47:48","modified_gmt":"2025-09-30T13:47:48","slug":"hd-dsequa-video-sequence-database","status":"publish","type":"page","link":"https:\/\/qoe.agh.edu.pl\/pl\/hd-dsequa-video-sequence-database\/","title":{"rendered":"HD-dSEQUA Video Sequence Database"},"content":{"rendered":"<p id=\"block-3cd10331-5a9b-4b90-9f3d-c67538773606\">The HD-dSEQUA Video Sequence Database consists of <a href=\"https:\/\/qoe.agh.edu.pl\/pl\/hd-dsequa\/\" data-type=\"link\" data-id=\"https:\/\/qoe.agh.edu.pl\/hd-dsequa\">raw video files<\/a> and a <a href=\"https:\/\/arete.tele.agh.edu.pl\/hd-dsequa\/hd-dsequa-database.csv\" data-type=\"link\" data-id=\"https:\/\/arete.tele.agh.edu.pl\/hd-dsequa\/hd-dsequa-database.csv\">data file with quality indicators<\/a>.<\/p>\n\n\n\n<p>This dataset was created to support research on video compression and quality assessment. It contains 131 diverse video sequences that vary in spatial, temporal, and semantic characteristics. The materials come from multiple sources such as CableLabs, Netflix, SJTU Media Lab, Xiph.org, Ultra Video Group, and Twitch streams, ensuring broad coverage of both professional and user-generated content.<\/p>\n\n\n\n<p>The videos are stored in the Y4M format (uncompressed), mostly in Full HD resolution (1920\u00d71080), with additional sequences in 1920\u00d7804 and Ultra HD (3840\u00d72160). Frame rates range from 24 FPS to 60 FPS, with most videos lasting between 10 and 20 seconds.<\/p>\n\n\n\n<p>Ta <a href=\"https:\/\/arete.tele.agh.edu.pl\/hd-dsequa\/hd-dsequa-database.csv\" data-type=\"link\" data-id=\"https:\/\/arete.tele.agh.edu.pl\/hd-dsequa\/hd-dsequa-database.csv\">CSV file<\/a> contains a table with video identifiers, names, and values of 10 no-reference Video Quality Indicators (VQIs), including measures of spatial and temporal activity, blur, noise, exposure, contrast, blockiness, block loss, interlacing artifacts, and UGC classification. These indicators enable quick comparison and benchmarking of video material quality.<\/p>\n\n\n\n<p id=\"block-99dbd54a-900b-48b3-a836-5305593b2cac\">Both the videos and the data file are available at: <a href=\"https:\/\/qoe.agh.edu.pl\/pl\/hd-dsequa\/\">qoe.agh.edu.pl\/hd-dsequa<\/a>.<\/p>\n\n\n\n<p>If you use these video sequences, please reference this web page as well as our paper, where a detailed description of the database has been published: <div class=\"teachpress_pub_list\"><form name=\"tppublistform\" method=\"get\" action=\"\"><a name=\"tppubs\" id=\"tppubs\"><\/a><input type=\"hidden\" name=\"trp-form-language\" value=\"pl\"\/><\/form><div class=\"teachpress_publication_list\"><div class=\"tp_publication tp_publication_article\"><div class=\"tp_pub_info\"><p class=\"tp_pub_author\"> Korus, Filip;  Juszka, Dawid;  Grega, Micha\u0142;  Leszczuk, Miko\u0142aj;  Sucho\u0144, Micha\u0142;  Dutta, Avrajyoti;  Wanat, Dominika<\/p><p class=\"tp_pub_title\">HD-dSEQUA: High Definition Diverse Video Sequence Dataset for Quality Assessment with Indicators <span class=\"tp_pub_type tp_  article\">Journal Article<\/span> <\/p><p class=\"tp_pub_additional\"><span class=\"tp_pub_additional_in\">In: <\/span><span class=\"tp_pub_additional_journal\">Przeg\u0105d Telekomunikacyjny \u2014 Wiadomo\u015bci Telekomunikacyjne, <\/span><span class=\"tp_pub_additional_volume\">vol. 98, <\/span><span class=\"tp_pub_additional_number\">no. 4, <\/span><span class=\"tp_pub_additional_pages\">pp. 451-454, <\/span><span class=\"tp_pub_additional_year\">2025<\/span>.<\/p><p class=\"tp_pub_menu\"><span class=\"tp_bibtex_link\"><a id=\"tp_bibtex_sh_34\" class=\"tp_show\" onclick=\"teachpress_pub_showhide('34','tp_bibtex')\" title=\"Show BibTeX entry\" style=\"cursor:pointer;\">BibTeX<\/a><\/span><\/p><div class=\"tp_bibtex\" id=\"tp_bibtex_34\" style=\"display:none;\"><div class=\"tp_bibtex_entry\"><pre>@article{korus2025hddsequa,<br \/>\r\ntitle = {HD-dSEQUA: High Definition Diverse Video Sequence Dataset for Quality Assessment with Indicators},<br \/>\r\nauthor = {Filip Korus and Dawid Juszka and Micha\u0142 Grega and Miko\u0142aj Leszczuk and Micha\u0142 Sucho\u0144 and Avrajyoti Dutta and Dominika Wanat},<br \/>\r\nyear  = {2025},<br \/>\r\ndate = {2025-09-01},<br \/>\r\nurldate = {2025-09-01},<br \/>\r\njournal = {Przeg\u0105d Telekomunikacyjny \u2014 Wiadomo\u015bci Telekomunikacyjne},<br \/>\r\nvolume = {98},<br \/>\r\nnumber = {4},<br \/>\r\npages = {451-454},<br \/>\r\nkeywords = {},<br \/>\r\npubstate = {published},<br \/>\r\ntppubtype = {article}<br \/>\r\n}<br \/>\r\n<\/pre><\/div><p class=\"tp_close_menu\"><a class=\"tp_close\" onclick=\"teachpress_pub_showhide('34','tp_bibtex')\">Close<\/a><\/p><\/div><\/div><\/div><\/div><\/div><\/p>\n\n\n\n<p><\/p>","protected":false},"excerpt":{"rendered":"<p>The HD-dSEQUA Video Sequence Database consists of raw video files and a data file with quality indicators. This dataset was created to support research on video compression and quality assessment. It contains 131 diverse video sequences that vary in spatial, temporal, and semantic characteristics. The materials come from multiple sources such as CableLabs, Netflix, SJTU &hellip; <\/p>\n<p class=\"link-more\"><a href=\"https:\/\/qoe.agh.edu.pl\/pl\/hd-dsequa-video-sequence-database\/\" class=\"more-link\">Czytaj dalej<span class=\"screen-reader-text\"> \u201eHD-dSEQUA Video Sequence Database\u201d<\/span><\/a><\/p>","protected":false},"author":1,"featured_media":0,"parent":0,"menu_order":0,"comment_status":"closed","ping_status":"closed","template":"","meta":{"footnotes":""},"class_list":["post-782","page","type-page","status-publish","hentry"],"yoast_head":"<!-- This site is optimized with the Yoast SEO plugin v27.4 - https:\/\/yoast.com\/product\/yoast-seo-wordpress\/ -->\n<title>HD-dSEQUA Video Sequence Database - AGH Video Quality of Experience (QoE) Team<\/title>\n<meta name=\"robots\" content=\"index, follow, max-snippet:-1, max-image-preview:large, max-video-preview:-1\" \/>\n<link rel=\"canonical\" href=\"https:\/\/qoe.agh.edu.pl\/pl\/hd-dsequa-video-sequence-database\/\" \/>\n<meta property=\"og:locale\" content=\"pl_PL\" \/>\n<meta property=\"og:type\" content=\"article\" \/>\n<meta property=\"og:title\" content=\"HD-dSEQUA Video Sequence Database - AGH Video Quality of Experience (QoE) Team\" \/>\n<meta property=\"og:description\" content=\"The HD-dSEQUA Video Sequence Database consists of raw video files and a data file with quality indicators. This dataset was created to support research on video compression and quality assessment. It contains 131 diverse video sequences that vary in spatial, temporal, and semantic characteristics. The materials come from multiple sources such as CableLabs, Netflix, SJTU &hellip; Czytaj dalej \u201eHD-dSEQUA Video Sequence Database\u201d\" \/>\n<meta property=\"og:url\" content=\"https:\/\/qoe.agh.edu.pl\/pl\/hd-dsequa-video-sequence-database\/\" \/>\n<meta property=\"og:site_name\" content=\"AGH Video Quality of Experience (QoE) Team\" \/>\n<meta property=\"article:publisher\" content=\"https:\/\/www.facebook.com\/qoe.lab.agh\" \/>\n<meta property=\"article:modified_time\" content=\"2025-09-30T13:47:48+00:00\" \/>\n<meta name=\"twitter:card\" content=\"summary_large_image\" \/>\n<meta name=\"twitter:label1\" content=\"Szacowany czas czytania\" \/>\n\t<meta name=\"twitter:data1\" content=\"1 minuta\" \/>\n<script type=\"application\/ld+json\" class=\"yoast-schema-graph\">{\"@context\":\"https:\\\/\\\/schema.org\",\"@graph\":[{\"@type\":\"WebPage\",\"@id\":\"https:\\\/\\\/qoe.agh.edu.pl\\\/hd-dsequa-video-sequence-database\\\/\",\"url\":\"https:\\\/\\\/qoe.agh.edu.pl\\\/hd-dsequa-video-sequence-database\\\/\",\"name\":\"HD-dSEQUA Video Sequence Database - AGH Video Quality of Experience (QoE) Team\",\"isPartOf\":{\"@id\":\"https:\\\/\\\/qoe.agh.edu.pl\\\/#website\"},\"datePublished\":\"2025-09-30T13:19:52+00:00\",\"dateModified\":\"2025-09-30T13:47:48+00:00\",\"breadcrumb\":{\"@id\":\"https:\\\/\\\/qoe.agh.edu.pl\\\/hd-dsequa-video-sequence-database\\\/#breadcrumb\"},\"inLanguage\":\"pl-PL\",\"potentialAction\":[{\"@type\":\"ReadAction\",\"target\":[\"https:\\\/\\\/qoe.agh.edu.pl\\\/hd-dsequa-video-sequence-database\\\/\"]}]},{\"@type\":\"BreadcrumbList\",\"@id\":\"https:\\\/\\\/qoe.agh.edu.pl\\\/hd-dsequa-video-sequence-database\\\/#breadcrumb\",\"itemListElement\":[{\"@type\":\"ListItem\",\"position\":1,\"name\":\"Home\",\"item\":\"https:\\\/\\\/qoe.agh.edu.pl\\\/\"},{\"@type\":\"ListItem\",\"position\":2,\"name\":\"HD-dSEQUA Video Sequence Database\"}]},{\"@type\":\"WebSite\",\"@id\":\"https:\\\/\\\/qoe.agh.edu.pl\\\/#website\",\"url\":\"https:\\\/\\\/qoe.agh.edu.pl\\\/\",\"name\":\"AGH Video Quality of Experience (QoE) Team\",\"description\":\"\",\"publisher\":{\"@id\":\"https:\\\/\\\/qoe.agh.edu.pl\\\/#organization\"},\"potentialAction\":[{\"@type\":\"SearchAction\",\"target\":{\"@type\":\"EntryPoint\",\"urlTemplate\":\"https:\\\/\\\/qoe.agh.edu.pl\\\/?s={search_term_string}\"},\"query-input\":{\"@type\":\"PropertyValueSpecification\",\"valueRequired\":true,\"valueName\":\"search_term_string\"}}],\"inLanguage\":\"pl-PL\"},{\"@type\":\"Organization\",\"@id\":\"https:\\\/\\\/qoe.agh.edu.pl\\\/#organization\",\"name\":\"AGH Video Quality of Experience (QoE) Team\",\"url\":\"https:\\\/\\\/qoe.agh.edu.pl\\\/\",\"logo\":{\"@type\":\"ImageObject\",\"inLanguage\":\"pl-PL\",\"@id\":\"https:\\\/\\\/qoe.agh.edu.pl\\\/#\\\/schema\\\/logo\\\/image\\\/\",\"url\":\"https:\\\/\\\/i0.wp.com\\\/qoe.agh.edu.pl\\\/wp-content\\\/uploads\\\/2021\\\/05\\\/cropped-logoqoe_crop_square-1.png?fit=250%2C250&ssl=1\",\"contentUrl\":\"https:\\\/\\\/i0.wp.com\\\/qoe.agh.edu.pl\\\/wp-content\\\/uploads\\\/2021\\\/05\\\/cropped-logoqoe_crop_square-1.png?fit=250%2C250&ssl=1\",\"width\":250,\"height\":250,\"caption\":\"AGH Video Quality of Experience (QoE) Team\"},\"image\":{\"@id\":\"https:\\\/\\\/qoe.agh.edu.pl\\\/#\\\/schema\\\/logo\\\/image\\\/\"},\"sameAs\":[\"https:\\\/\\\/www.facebook.com\\\/qoe.lab.agh\"]}]}<\/script>\n<!-- \/ Yoast SEO plugin. -->","yoast_head_json":{"title":"HD-dSEQUA Video Sequence Database - AGH Video Quality of Experience (QoE) Team","robots":{"index":"index","follow":"follow","max-snippet":"max-snippet:-1","max-image-preview":"max-image-preview:large","max-video-preview":"max-video-preview:-1"},"canonical":"https:\/\/qoe.agh.edu.pl\/pl\/hd-dsequa-video-sequence-database\/","og_locale":"pl_PL","og_type":"article","og_title":"HD-dSEQUA Video Sequence Database - AGH Video Quality of Experience (QoE) Team","og_description":"The HD-dSEQUA Video Sequence Database consists of raw video files and a data file with quality indicators. This dataset was created to support research on video compression and quality assessment. It contains 131 diverse video sequences that vary in spatial, temporal, and semantic characteristics. The materials come from multiple sources such as CableLabs, Netflix, SJTU &hellip; Czytaj dalej \u201eHD-dSEQUA Video Sequence Database\u201d","og_url":"https:\/\/qoe.agh.edu.pl\/pl\/hd-dsequa-video-sequence-database\/","og_site_name":"AGH Video Quality of Experience (QoE) Team","article_publisher":"https:\/\/www.facebook.com\/qoe.lab.agh","article_modified_time":"2025-09-30T13:47:48+00:00","twitter_card":"summary_large_image","twitter_misc":{"Szacowany czas czytania":"1 minuta"},"schema":{"@context":"https:\/\/schema.org","@graph":[{"@type":"WebPage","@id":"https:\/\/qoe.agh.edu.pl\/hd-dsequa-video-sequence-database\/","url":"https:\/\/qoe.agh.edu.pl\/hd-dsequa-video-sequence-database\/","name":"HD-dSEQUA Video Sequence Database - AGH Video Quality of Experience (QoE) Team","isPartOf":{"@id":"https:\/\/qoe.agh.edu.pl\/#website"},"datePublished":"2025-09-30T13:19:52+00:00","dateModified":"2025-09-30T13:47:48+00:00","breadcrumb":{"@id":"https:\/\/qoe.agh.edu.pl\/hd-dsequa-video-sequence-database\/#breadcrumb"},"inLanguage":"pl-PL","potentialAction":[{"@type":"ReadAction","target":["https:\/\/qoe.agh.edu.pl\/hd-dsequa-video-sequence-database\/"]}]},{"@type":"BreadcrumbList","@id":"https:\/\/qoe.agh.edu.pl\/hd-dsequa-video-sequence-database\/#breadcrumb","itemListElement":[{"@type":"ListItem","position":1,"name":"Home","item":"https:\/\/qoe.agh.edu.pl\/"},{"@type":"ListItem","position":2,"name":"HD-dSEQUA Video Sequence Database"}]},{"@type":"WebSite","@id":"https:\/\/qoe.agh.edu.pl\/#website","url":"https:\/\/qoe.agh.edu.pl\/","name":"Zesp\u00f3\u0142 AGH Video Quality of Experience (QoE)","description":"","publisher":{"@id":"https:\/\/qoe.agh.edu.pl\/#organization"},"potentialAction":[{"@type":"SearchAction","target":{"@type":"EntryPoint","urlTemplate":"https:\/\/qoe.agh.edu.pl\/?s={search_term_string}"},"query-input":{"@type":"PropertyValueSpecification","valueRequired":true,"valueName":"search_term_string"}}],"inLanguage":"pl-PL"},{"@type":"Organization","@id":"https:\/\/qoe.agh.edu.pl\/#organization","name":"Zesp\u00f3\u0142 AGH Video Quality of Experience (QoE)","url":"https:\/\/qoe.agh.edu.pl\/","logo":{"@type":"ImageObject","inLanguage":"pl-PL","@id":"https:\/\/qoe.agh.edu.pl\/#\/schema\/logo\/image\/","url":"https:\/\/i0.wp.com\/qoe.agh.edu.pl\/wp-content\/uploads\/2021\/05\/cropped-logoqoe_crop_square-1.png?fit=250%2C250&ssl=1","contentUrl":"https:\/\/i0.wp.com\/qoe.agh.edu.pl\/wp-content\/uploads\/2021\/05\/cropped-logoqoe_crop_square-1.png?fit=250%2C250&ssl=1","width":250,"height":250,"caption":"AGH Video Quality of Experience (QoE) Team"},"image":{"@id":"https:\/\/qoe.agh.edu.pl\/#\/schema\/logo\/image\/"},"sameAs":["https:\/\/www.facebook.com\/qoe.lab.agh"]}]}},"jetpack_sharing_enabled":true,"_links":{"self":[{"href":"https:\/\/qoe.agh.edu.pl\/pl\/wp-json\/wp\/v2\/pages\/782","targetHints":{"allow":["GET"]}}],"collection":[{"href":"https:\/\/qoe.agh.edu.pl\/pl\/wp-json\/wp\/v2\/pages"}],"about":[{"href":"https:\/\/qoe.agh.edu.pl\/pl\/wp-json\/wp\/v2\/types\/page"}],"author":[{"embeddable":true,"href":"https:\/\/qoe.agh.edu.pl\/pl\/wp-json\/wp\/v2\/users\/1"}],"replies":[{"embeddable":true,"href":"https:\/\/qoe.agh.edu.pl\/pl\/wp-json\/wp\/v2\/comments?post=782"}],"version-history":[{"count":7,"href":"https:\/\/qoe.agh.edu.pl\/pl\/wp-json\/wp\/v2\/pages\/782\/revisions"}],"predecessor-version":[{"id":791,"href":"https:\/\/qoe.agh.edu.pl\/pl\/wp-json\/wp\/v2\/pages\/782\/revisions\/791"}],"wp:attachment":[{"href":"https:\/\/qoe.agh.edu.pl\/pl\/wp-json\/wp\/v2\/media?parent=782"}],"curies":[{"name":"wp","href":"https:\/\/api.w.org\/{rel}","templated":true}]}}