{"id":741,"date":"2025-03-11T18:01:45","date_gmt":"2025-03-11T17:01:45","guid":{"rendered":"https:\/\/qoe.agh.edu.pl\/?page_id=741"},"modified":"2025-03-11T18:22:19","modified_gmt":"2025-03-11T17:22:19","slug":"5g-pl_2","status":"publish","type":"page","link":"https:\/\/qoe.agh.edu.pl\/pl\/5g-pl_2\/","title":{"rendered":"5G PL_2"},"content":{"rendered":"<h3 class=\"wp-block-heading\">\u0179r\u00f3d\u0142o(a) finansowanie (Nazwa wo\u0142ania, Number)<\/h3>\n\n\n\n<p>O\u015brodek Przetwarzania Informacji<\/p>\n\n\n\n\n\n<h3 class=\"wp-block-heading\">Wielko\u015b\u0107 finansowania<\/h3>\n\n\n\n<p>\u00a05 066 106.43 PLN<\/p>\n\n\n\n\n\n<h3 class=\"wp-block-heading\">Rok rozpocz\u0119cia-zako\u0144czenia<\/h3>\n\n\n\n<p>2024-2025<\/p>\n\n\n\n\n\n\n\n\n\n<ul class=\"wp-block-list\">\n\n\n\n<\/ul>\n\n\n\n\n\n<ul class=\"wp-block-list\">\n\n<\/ul>\n\n\n\n\n\n\n\n<p>Rozw\u00f3j sieci\u00a0<strong>5G+\/6G<\/strong>\u00a0otworzy\u0142 nowe mo\u017cliwo\u015bci w zakresie transmisji innowacyjnych us\u0142ug, takich jak\u00a0<strong>chmury punkt\u00f3w (point clouds)<\/strong>, kt\u00f3re znalaz\u0142y zastosowanie w\u00a0<strong>wirtualnej rzeczywisto\u015bci, autonomicznych systemach oraz analizie przestrzennej<\/strong>. Jednak wraz z tym post\u0119pem pojawi\u0142y si\u0119 nowe wyzwania zwi\u0105zane z\u00a0<strong>degradacj\u0105 jako\u015bci danych<\/strong>, kt\u00f3ra negatywnie wp\u0142yn\u0119\u0142a na skuteczno\u015b\u0107\u00a0<strong>algorytm\u00f3w sztucznej inteligencji (AI)<\/strong>, procesy detekcji obiekt\u00f3w oraz bezpiecze\u0144stwo u\u017cytkownik\u00f3w.<\/p>\n\n\n\n<p>Spadek jako\u015bci danych prowadzi\u0142 do zmniejszenia skuteczno\u015bci algorytm\u00f3w sztucznej inteligencji, co mia\u0142o wp\u0142yw na b\u0142\u0119dne detekcje w systemach rozpoznawania obiekt\u00f3w i zdarze\u0144. Obni\u017cona jako\u015b\u0107 chmur punkt\u00f3w sprzyja\u0142a r\u00f3wnie\u017c\u00a0<strong>kradzie\u017cy to\u017csamo\u015bci i deep fake<\/strong>, poniewa\u017c utrata istotnych szczeg\u00f3\u0142\u00f3w wygl\u0105du mog\u0142a by\u0107 wykorzystywana do generowania fa\u0142szywych tre\u015bci i manipulacji wizualnych.<br>Ponadto degradacja strumieni danych w sieciach mobilnych sta\u0142a si\u0119 nowym wektorem ataku, wp\u0142ywaj\u0105cym na\u00a0<strong>bezpiecze\u0144stwo komunikacji i jako\u015b\u0107 \u015bwiadczonych us\u0142ug<\/strong>.<\/p>\n\n\n\n<p>W odpowiedzi na te wyzwania opracowano&nbsp;<strong>innowacyjne oprogramowanie<\/strong>, kt\u00f3re umo\u017cliwi\u0142o:<\/p>\n\n\n\n<ul class=\"wp-block-list\">\n<li><strong>Wdra\u017canie mechanizm\u00f3w bezpiecze\u0144stwa<\/strong>\u00a0\u2013 przeciwdzia\u0142anie kontrolowanej degradacji jako\u015bci danych i ochrona transmisji w sieciach nowej generacji.<\/li>\n\n\n\n<li><strong>Analiz\u0119 podatno\u015bci infrastruktury 5G+\/6G<\/strong>\u00a0\u2013 badanie odporno\u015bci mobilnych system\u00f3w na ataki zwi\u0105zane z manipulacj\u0105 jako\u015bci\u0105 danych.<\/li>\n\n\n\n<li><strong>Testowanie jako\u015bci us\u0142ug w r\u00f3\u017cnych warunkach sieciowych<\/strong>\u00a0\u2013 dostawcy innowacyjnych rozwi\u0105za\u0144, takich jak\u00a0<strong>chmury punkt\u00f3w<\/strong>, mogli bada\u0107 wp\u0142yw degradacji jako\u015bci na swoje us\u0142ugi w rzeczywistych warunkach.<\/li>\n<\/ul>\n\n\n\n<p>W&nbsp;<strong>wirtualnym \u015bwiecie metawersum<\/strong>, gdzie u\u017cytkownicy komunikowali si\u0119 za pomoc\u0105&nbsp;<strong>awatara<\/strong>, kluczowe sta\u0142o si\u0119&nbsp;<strong>uwierzytelnianie i ochrona to\u017csamo\u015bci<\/strong>. Wraz z rosn\u0105c\u0105 popularno\u015bci\u0105&nbsp;<strong>rozszerzonej (AR) i wirtualnej rzeczywisto\u015bci (VR)<\/strong>, sieci&nbsp;<strong>5G+\/6G<\/strong>&nbsp;zatar\u0142y granice mi\u0119dzy rzeczywisto\u015bci\u0105 a \u015bwiatem cyfrowym. Nowe technologie pozwoli\u0142y na:<\/p>\n\n\n\n<ul class=\"wp-block-list\">\n<li><strong>Wykrywanie i symulowanie atak\u00f3w na komunikacj\u0119 w metawersum<\/strong>\u00a0\u2013 zapobieganie podszywaniu si\u0119 pod awatary i ochrona u\u017cytkownik\u00f3w.<\/li>\n\n\n\n<li><strong>Analizowanie podatno\u015bci na zagro\u017cenia<\/strong>\u00a0\u2013 badanie sposob\u00f3w zabezpieczenia cyfrowej to\u017csamo\u015bci i jako\u015bci transmisji w \u015brodowiskach\u00a0<strong>wirtualnej oraz rozszerzonej rzeczywisto\u015bci<\/strong>.<\/li>\n<\/ul>\n\n\n\n<p>Podobne rozwi\u0105zania&nbsp;<strong>nie by\u0142y komercyjnie dost\u0119pne<\/strong>, co sprawi\u0142o, \u017ce stanowi\u0142y&nbsp;<strong>unikaln\u0105 warto\u015b\u0107<\/strong>&nbsp;dla rozwijanej infrastruktury badawczej. Opracowane narz\u0119dzia nie tylko pozwoli\u0142y na prowadzenie bada\u0144 nad jako\u015bci\u0105 i bezpiecze\u0144stwem sieci&nbsp;<strong>5G+\/6G<\/strong>, ale r\u00f3wnie\u017c sta\u0142y si\u0119 kluczowe dla rozwoju&nbsp;<strong>bezpiecznych us\u0142ug multimedialnych nowej generacji<\/strong>.<\/p>\n\n\n\n<p><\/p>","protected":false},"excerpt":{"rendered":"<p>\u0179r\u00f3d\u0142o(a) finansowanie (Nazwa wo\u0142ania, Number) O\u015brodek Przetwarzania Informacji Wielko\u015b\u0107 finansowania \u00a05 066 106.43 PLN Rok rozpocz\u0119cia-zako\u0144czenia 2024-2025 Rozw\u00f3j sieci\u00a05G+\/6G\u00a0otworzy\u0142 nowe mo\u017cliwo\u015bci w zakresie transmisji innowacyjnych us\u0142ug, takich jak\u00a0chmury punkt\u00f3w (point clouds), kt\u00f3re znalaz\u0142y zastosowanie w\u00a0wirtualnej rzeczywisto\u015bci, autonomicznych systemach oraz analizie przestrzennej. Jednak wraz z tym post\u0119pem pojawi\u0142y si\u0119 nowe wyzwania zwi\u0105zane z\u00a0degradacj\u0105 jako\u015bci danych, kt\u00f3ra &hellip; <\/p>\n<p class=\"link-more\"><a href=\"https:\/\/qoe.agh.edu.pl\/pl\/5g-pl_2\/\" class=\"more-link\">Czytaj dalej<span class=\"screen-reader-text\"> \u201e5G PL_2\u201d<\/span><\/a><\/p>","protected":false},"author":1,"featured_media":0,"parent":0,"menu_order":0,"comment_status":"closed","ping_status":"closed","template":"","meta":{"footnotes":""},"class_list":["post-741","page","type-page","status-publish","hentry"],"yoast_head":"<!-- This site is optimized with the Yoast SEO plugin v27.4 - https:\/\/yoast.com\/product\/yoast-seo-wordpress\/ -->\n<title>5G PL_2 - AGH Video Quality of Experience (QoE) Team<\/title>\n<meta name=\"robots\" content=\"index, follow, max-snippet:-1, max-image-preview:large, max-video-preview:-1\" \/>\n<link rel=\"canonical\" href=\"https:\/\/qoe.agh.edu.pl\/pl\/5g-pl_2\/\" \/>\n<meta property=\"og:locale\" content=\"pl_PL\" \/>\n<meta property=\"og:type\" content=\"article\" \/>\n<meta property=\"og:title\" content=\"5G PL_2 - AGH Video Quality of Experience (QoE) Team\" \/>\n<meta property=\"og:description\" content=\"\u0179r\u00f3d\u0142o(a) finansowanie (Nazwa wo\u0142ania, Number) O\u015brodek Przetwarzania Informacji Wielko\u015b\u0107 finansowania \u00a05 066 106.43 PLN Rok rozpocz\u0119cia-zako\u0144czenia 2024-2025 Rozw\u00f3j sieci\u00a05G+\/6G\u00a0otworzy\u0142 nowe mo\u017cliwo\u015bci w zakresie transmisji innowacyjnych us\u0142ug, takich jak\u00a0chmury punkt\u00f3w (point clouds), kt\u00f3re znalaz\u0142y zastosowanie w\u00a0wirtualnej rzeczywisto\u015bci, autonomicznych systemach oraz analizie przestrzennej. Jednak wraz z tym post\u0119pem pojawi\u0142y si\u0119 nowe wyzwania zwi\u0105zane z\u00a0degradacj\u0105 jako\u015bci danych, kt\u00f3ra &hellip; Czytaj dalej \u201e5G PL_2\u201d\" \/>\n<meta property=\"og:url\" content=\"https:\/\/qoe.agh.edu.pl\/pl\/5g-pl_2\/\" \/>\n<meta property=\"og:site_name\" content=\"AGH Video Quality of Experience (QoE) Team\" \/>\n<meta property=\"article:publisher\" content=\"https:\/\/www.facebook.com\/qoe.lab.agh\" \/>\n<meta property=\"article:modified_time\" content=\"2025-03-11T17:22:19+00:00\" \/>\n<meta name=\"twitter:card\" content=\"summary_large_image\" \/>\n<meta name=\"twitter:label1\" content=\"Szacowany czas czytania\" \/>\n\t<meta name=\"twitter:data1\" content=\"4 minuty\" \/>\n<script type=\"application\/ld+json\" class=\"yoast-schema-graph\">{\"@context\":\"https:\\\/\\\/schema.org\",\"@graph\":[{\"@type\":\"WebPage\",\"@id\":\"https:\\\/\\\/qoe.agh.edu.pl\\\/5g-pl_2\\\/\",\"url\":\"https:\\\/\\\/qoe.agh.edu.pl\\\/5g-pl_2\\\/\",\"name\":\"5G PL_2 - AGH Video Quality of Experience (QoE) Team\",\"isPartOf\":{\"@id\":\"https:\\\/\\\/qoe.agh.edu.pl\\\/#website\"},\"datePublished\":\"2025-03-11T17:01:45+00:00\",\"dateModified\":\"2025-03-11T17:22:19+00:00\",\"breadcrumb\":{\"@id\":\"https:\\\/\\\/qoe.agh.edu.pl\\\/5g-pl_2\\\/#breadcrumb\"},\"inLanguage\":\"pl-PL\",\"potentialAction\":[{\"@type\":\"ReadAction\",\"target\":[\"https:\\\/\\\/qoe.agh.edu.pl\\\/5g-pl_2\\\/\"]}]},{\"@type\":\"BreadcrumbList\",\"@id\":\"https:\\\/\\\/qoe.agh.edu.pl\\\/5g-pl_2\\\/#breadcrumb\",\"itemListElement\":[{\"@type\":\"ListItem\",\"position\":1,\"name\":\"Home\",\"item\":\"https:\\\/\\\/qoe.agh.edu.pl\\\/\"},{\"@type\":\"ListItem\",\"position\":2,\"name\":\"5G PL_2\"}]},{\"@type\":\"WebSite\",\"@id\":\"https:\\\/\\\/qoe.agh.edu.pl\\\/#website\",\"url\":\"https:\\\/\\\/qoe.agh.edu.pl\\\/\",\"name\":\"AGH Video Quality of Experience (QoE) Team\",\"description\":\"\",\"publisher\":{\"@id\":\"https:\\\/\\\/qoe.agh.edu.pl\\\/#organization\"},\"potentialAction\":[{\"@type\":\"SearchAction\",\"target\":{\"@type\":\"EntryPoint\",\"urlTemplate\":\"https:\\\/\\\/qoe.agh.edu.pl\\\/?s={search_term_string}\"},\"query-input\":{\"@type\":\"PropertyValueSpecification\",\"valueRequired\":true,\"valueName\":\"search_term_string\"}}],\"inLanguage\":\"pl-PL\"},{\"@type\":\"Organization\",\"@id\":\"https:\\\/\\\/qoe.agh.edu.pl\\\/#organization\",\"name\":\"AGH Video Quality of Experience (QoE) Team\",\"url\":\"https:\\\/\\\/qoe.agh.edu.pl\\\/\",\"logo\":{\"@type\":\"ImageObject\",\"inLanguage\":\"pl-PL\",\"@id\":\"https:\\\/\\\/qoe.agh.edu.pl\\\/#\\\/schema\\\/logo\\\/image\\\/\",\"url\":\"https:\\\/\\\/i0.wp.com\\\/qoe.agh.edu.pl\\\/wp-content\\\/uploads\\\/2021\\\/05\\\/cropped-logoqoe_crop_square-1.png?fit=250%2C250&ssl=1\",\"contentUrl\":\"https:\\\/\\\/i0.wp.com\\\/qoe.agh.edu.pl\\\/wp-content\\\/uploads\\\/2021\\\/05\\\/cropped-logoqoe_crop_square-1.png?fit=250%2C250&ssl=1\",\"width\":250,\"height\":250,\"caption\":\"AGH Video Quality of Experience (QoE) Team\"},\"image\":{\"@id\":\"https:\\\/\\\/qoe.agh.edu.pl\\\/#\\\/schema\\\/logo\\\/image\\\/\"},\"sameAs\":[\"https:\\\/\\\/www.facebook.com\\\/qoe.lab.agh\"]}]}<\/script>\n<!-- \/ Yoast SEO plugin. -->","yoast_head_json":{"title":"5G PL_2 - AGH Video Quality of Experience (QoE) Team","robots":{"index":"index","follow":"follow","max-snippet":"max-snippet:-1","max-image-preview":"max-image-preview:large","max-video-preview":"max-video-preview:-1"},"canonical":"https:\/\/qoe.agh.edu.pl\/pl\/5g-pl_2\/","og_locale":"pl_PL","og_type":"article","og_title":"5G PL_2 - AGH Video Quality of Experience (QoE) Team","og_description":"\u0179r\u00f3d\u0142o(a) finansowanie (Nazwa wo\u0142ania, Number) O\u015brodek Przetwarzania Informacji Wielko\u015b\u0107 finansowania \u00a05 066 106.43 PLN Rok rozpocz\u0119cia-zako\u0144czenia 2024-2025 Rozw\u00f3j sieci\u00a05G+\/6G\u00a0otworzy\u0142 nowe mo\u017cliwo\u015bci w zakresie transmisji innowacyjnych us\u0142ug, takich jak\u00a0chmury punkt\u00f3w (point clouds), kt\u00f3re znalaz\u0142y zastosowanie w\u00a0wirtualnej rzeczywisto\u015bci, autonomicznych systemach oraz analizie przestrzennej. Jednak wraz z tym post\u0119pem pojawi\u0142y si\u0119 nowe wyzwania zwi\u0105zane z\u00a0degradacj\u0105 jako\u015bci danych, kt\u00f3ra &hellip; Czytaj dalej \u201e5G PL_2\u201d","og_url":"https:\/\/qoe.agh.edu.pl\/pl\/5g-pl_2\/","og_site_name":"AGH Video Quality of Experience (QoE) Team","article_publisher":"https:\/\/www.facebook.com\/qoe.lab.agh","article_modified_time":"2025-03-11T17:22:19+00:00","twitter_card":"summary_large_image","twitter_misc":{"Szacowany czas czytania":"4 minuty"},"schema":{"@context":"https:\/\/schema.org","@graph":[{"@type":"WebPage","@id":"https:\/\/qoe.agh.edu.pl\/5g-pl_2\/","url":"https:\/\/qoe.agh.edu.pl\/5g-pl_2\/","name":"5G PL_2 - AGH Video Quality of Experience (QoE) Team","isPartOf":{"@id":"https:\/\/qoe.agh.edu.pl\/#website"},"datePublished":"2025-03-11T17:01:45+00:00","dateModified":"2025-03-11T17:22:19+00:00","breadcrumb":{"@id":"https:\/\/qoe.agh.edu.pl\/5g-pl_2\/#breadcrumb"},"inLanguage":"pl-PL","potentialAction":[{"@type":"ReadAction","target":["https:\/\/qoe.agh.edu.pl\/5g-pl_2\/"]}]},{"@type":"BreadcrumbList","@id":"https:\/\/qoe.agh.edu.pl\/5g-pl_2\/#breadcrumb","itemListElement":[{"@type":"ListItem","position":1,"name":"Home","item":"https:\/\/qoe.agh.edu.pl\/"},{"@type":"ListItem","position":2,"name":"5G PL_2"}]},{"@type":"WebSite","@id":"https:\/\/qoe.agh.edu.pl\/#website","url":"https:\/\/qoe.agh.edu.pl\/","name":"Zesp\u00f3\u0142 AGH Video Quality of Experience (QoE)","description":"","publisher":{"@id":"https:\/\/qoe.agh.edu.pl\/#organization"},"potentialAction":[{"@type":"SearchAction","target":{"@type":"EntryPoint","urlTemplate":"https:\/\/qoe.agh.edu.pl\/?s={search_term_string}"},"query-input":{"@type":"PropertyValueSpecification","valueRequired":true,"valueName":"search_term_string"}}],"inLanguage":"pl-PL"},{"@type":"Organization","@id":"https:\/\/qoe.agh.edu.pl\/#organization","name":"Zesp\u00f3\u0142 AGH Video Quality of Experience (QoE)","url":"https:\/\/qoe.agh.edu.pl\/","logo":{"@type":"ImageObject","inLanguage":"pl-PL","@id":"https:\/\/qoe.agh.edu.pl\/#\/schema\/logo\/image\/","url":"https:\/\/i0.wp.com\/qoe.agh.edu.pl\/wp-content\/uploads\/2021\/05\/cropped-logoqoe_crop_square-1.png?fit=250%2C250&ssl=1","contentUrl":"https:\/\/i0.wp.com\/qoe.agh.edu.pl\/wp-content\/uploads\/2021\/05\/cropped-logoqoe_crop_square-1.png?fit=250%2C250&ssl=1","width":250,"height":250,"caption":"AGH Video Quality of Experience (QoE) Team"},"image":{"@id":"https:\/\/qoe.agh.edu.pl\/#\/schema\/logo\/image\/"},"sameAs":["https:\/\/www.facebook.com\/qoe.lab.agh"]}]}},"jetpack_sharing_enabled":true,"_links":{"self":[{"href":"https:\/\/qoe.agh.edu.pl\/pl\/wp-json\/wp\/v2\/pages\/741","targetHints":{"allow":["GET"]}}],"collection":[{"href":"https:\/\/qoe.agh.edu.pl\/pl\/wp-json\/wp\/v2\/pages"}],"about":[{"href":"https:\/\/qoe.agh.edu.pl\/pl\/wp-json\/wp\/v2\/types\/page"}],"author":[{"embeddable":true,"href":"https:\/\/qoe.agh.edu.pl\/pl\/wp-json\/wp\/v2\/users\/1"}],"replies":[{"embeddable":true,"href":"https:\/\/qoe.agh.edu.pl\/pl\/wp-json\/wp\/v2\/comments?post=741"}],"version-history":[{"count":5,"href":"https:\/\/qoe.agh.edu.pl\/pl\/wp-json\/wp\/v2\/pages\/741\/revisions"}],"predecessor-version":[{"id":748,"href":"https:\/\/qoe.agh.edu.pl\/pl\/wp-json\/wp\/v2\/pages\/741\/revisions\/748"}],"wp:attachment":[{"href":"https:\/\/qoe.agh.edu.pl\/pl\/wp-json\/wp\/v2\/media?parent=741"}],"curies":[{"name":"wp","href":"https:\/\/api.w.org\/{rel}","templated":true}]}}