{"id":719,"date":"2025-03-11T17:22:06","date_gmt":"2025-03-11T16:22:06","guid":{"rendered":"https:\/\/qoe.agh.edu.pl\/?page_id=719"},"modified":"2025-03-11T18:00:30","modified_gmt":"2025-03-11T17:00:30","slug":"no-reference-metrics","status":"publish","type":"page","link":"https:\/\/qoe.agh.edu.pl\/pl\/no-reference-metrics\/","title":{"rendered":"Badania"},"content":{"rendered":"<ul class=\"wp-block-list\">\n\n\n\n<\/ul>\n\n\n\n<p><span style=\"caret-color: rgb(0, 0, 0); color: rgb(0, 0, 0); font-size: revert; white-space: normal;\">Grupa badawcza\u00a0<\/span><strong data-start=\"46\" data-end=\"77\" style=\"caret-color: rgb(0, 0, 0); color: rgb(0, 0, 0); font-size: revert; white-space: normal;\">Quality of Experience (QoE)<\/strong><span style=\"caret-color: rgb(0, 0, 0); color: rgb(0, 0, 0); font-size: revert; white-space: normal;\">\u00a0w\u00a0<\/span>Instytucie Telekomunikacji AGH<span style=\"caret-color: rgb(0, 0, 0); color: rgb(0, 0, 0); font-size: revert; white-space: normal;\">\u00a0zajmuje si\u0119\u00a0<\/span><strong data-start=\"127\" data-end=\"187\" style=\"caret-color: rgb(0, 0, 0); color: rgb(0, 0, 0); font-size: revert; white-space: normal;\">analiz\u0105 i optymalizacj\u0105 jako\u015bci do\u015bwiadcze\u0144 u\u017cytkownik\u00f3w<\/strong><span style=\"caret-color: rgb(0, 0, 0); color: rgb(0, 0, 0); font-size: revert; white-space: normal;\">\u00a0w kontek\u015bcie nowoczesnych us\u0142ug multimedialnych i sieciowych. Naszym celem jest\u00a0<\/span><strong data-start=\"268\" data-end=\"301\" style=\"caret-color: rgb(0, 0, 0); color: rgb(0, 0, 0); font-size: revert; white-space: normal;\">zrozumienie percepcji jako\u015bci<\/strong><span style=\"caret-color: rgb(0, 0, 0); color: rgb(0, 0, 0); font-size: revert; white-space: normal;\">\u00a0oraz opracowanie metod jej poprawy, uwzgl\u0119dniaj\u0105c zar\u00f3wno aspekty techniczne, jak i behawioralne.<\/span><\/p>\n\n\n\n<h2 class=\"wp-block-heading\">G\u0142\u00f3wne obszary badawcze<\/h2>\n\n\n\n<ul class=\"wp-block-list\">\n<li><strong data-start=\"440\" data-end=\"470\" style=\"caret-color: rgb(0, 0, 0); color: rgb(0, 0, 0); font-size: revert; white-space: normal;\">Czynniki wp\u0142ywaj\u0105ce na QoE<\/strong><span style=\"caret-color: rgb(0, 0, 0); color: rgb(0, 0, 0); font-size: revert; white-space: normal;\">\u00a0\u2013 analiza technicznych, psychologicznych i kontekstowych aspekt\u00f3w, kt\u00f3re kszta\u0142tuj\u0105 postrzegan\u0105 jako\u015b\u0107 us\u0142ug cyfrowych.<\/span><\/li>\n\n\n\n<li><strong data-start=\"596\" data-end=\"616\" style=\"caret-color: rgb(0, 0, 0); color: rgb(0, 0, 0); font-size: revert; white-space: normal;\">Metody oceny QoE<\/strong><span style=\"caret-color: rgb(0, 0, 0); color: rgb(0, 0, 0); font-size: revert; white-space: normal;\">\u00a0\u2013 opracowywanie eksperymentalnych procedur i modeli matematycznych do przewidywania i poprawy jako\u015bci do\u015bwiadcze\u0144 u\u017cytkownik\u00f3w.<\/span><\/li>\n\n\n\n<li><strong data-start=\"925\" data-end=\"983\" style=\"caret-color: rgb(0, 0, 0); color: rgb(0, 0, 0); font-size: revert; white-space: normal;\">Optymalizacja strumieniowania wideo i medi\u00f3w cyfrowych<\/strong><span style=\"caret-color: rgb(0, 0, 0); color: rgb(0, 0, 0); font-size: revert; white-space: normal;\">\u00a0\u2013 badania nad jako\u015bci\u0105 wideo, wp\u0142ywem warunk\u00f3w sieciowych i preferencji u\u017cytkownik\u00f3w na ko\u0144cow\u0105 ocen\u0119 tre\u015bci.<\/span><\/li>\n<\/ul>\n\n\n\n<p><\/p>","protected":false},"excerpt":{"rendered":"<p>Grupa badawcza\u00a0Quality of Experience (QoE)\u00a0w\u00a0Instytucie Telekomunikacji AGH\u00a0zajmuje si\u0119\u00a0analiz\u0105 i optymalizacj\u0105 jako\u015bci do\u015bwiadcze\u0144 u\u017cytkownik\u00f3w\u00a0w kontek\u015bcie nowoczesnych us\u0142ug multimedialnych i sieciowych. Naszym celem jest\u00a0zrozumienie percepcji jako\u015bci\u00a0oraz opracowanie metod jej poprawy, uwzgl\u0119dniaj\u0105c zar\u00f3wno aspekty techniczne, jak i behawioralne. G\u0142\u00f3wne obszary badawcze<\/p>","protected":false},"author":1,"featured_media":0,"parent":0,"menu_order":0,"comment_status":"closed","ping_status":"closed","template":"","meta":{"footnotes":""},"class_list":["post-719","page","type-page","status-publish","hentry"],"yoast_head":"<!-- This site is optimized with the Yoast SEO plugin v27.4 - https:\/\/yoast.com\/product\/yoast-seo-wordpress\/ -->\n<title>Research - AGH Video Quality of Experience (QoE) Team<\/title>\n<meta name=\"robots\" content=\"index, follow, max-snippet:-1, max-image-preview:large, max-video-preview:-1\" \/>\n<link rel=\"canonical\" href=\"https:\/\/qoe.agh.edu.pl\/pl\/no-reference-metrics\/\" \/>\n<meta property=\"og:locale\" content=\"pl_PL\" \/>\n<meta property=\"og:type\" content=\"article\" \/>\n<meta property=\"og:title\" content=\"Research - AGH Video Quality of Experience (QoE) Team\" \/>\n<meta property=\"og:description\" content=\"Grupa badawcza\u00a0Quality of Experience (QoE)\u00a0w\u00a0Instytucie Telekomunikacji AGH\u00a0zajmuje si\u0119\u00a0analiz\u0105 i optymalizacj\u0105 jako\u015bci do\u015bwiadcze\u0144 u\u017cytkownik\u00f3w\u00a0w kontek\u015bcie nowoczesnych us\u0142ug multimedialnych i sieciowych. Naszym celem jest\u00a0zrozumienie percepcji jako\u015bci\u00a0oraz opracowanie metod jej poprawy, uwzgl\u0119dniaj\u0105c zar\u00f3wno aspekty techniczne, jak i behawioralne. G\u0142\u00f3wne obszary badawcze\" \/>\n<meta property=\"og:url\" content=\"https:\/\/qoe.agh.edu.pl\/pl\/no-reference-metrics\/\" \/>\n<meta property=\"og:site_name\" content=\"AGH Video Quality of Experience (QoE) Team\" \/>\n<meta property=\"article:publisher\" content=\"https:\/\/www.facebook.com\/qoe.lab.agh\" \/>\n<meta property=\"article:modified_time\" content=\"2025-03-11T17:00:30+00:00\" \/>\n<meta name=\"twitter:card\" content=\"summary_large_image\" \/>\n<meta name=\"twitter:label1\" content=\"Szacowany czas czytania\" \/>\n\t<meta name=\"twitter:data1\" content=\"1 minuta\" \/>\n<script type=\"application\/ld+json\" class=\"yoast-schema-graph\">{\"@context\":\"https:\\\/\\\/schema.org\",\"@graph\":[{\"@type\":\"WebPage\",\"@id\":\"https:\\\/\\\/qoe.agh.edu.pl\\\/no-reference-metrics\\\/\",\"url\":\"https:\\\/\\\/qoe.agh.edu.pl\\\/no-reference-metrics\\\/\",\"name\":\"Research - AGH Video Quality of Experience (QoE) Team\",\"isPartOf\":{\"@id\":\"https:\\\/\\\/qoe.agh.edu.pl\\\/#website\"},\"datePublished\":\"2025-03-11T16:22:06+00:00\",\"dateModified\":\"2025-03-11T17:00:30+00:00\",\"breadcrumb\":{\"@id\":\"https:\\\/\\\/qoe.agh.edu.pl\\\/no-reference-metrics\\\/#breadcrumb\"},\"inLanguage\":\"pl-PL\",\"potentialAction\":[{\"@type\":\"ReadAction\",\"target\":[\"https:\\\/\\\/qoe.agh.edu.pl\\\/no-reference-metrics\\\/\"]}]},{\"@type\":\"BreadcrumbList\",\"@id\":\"https:\\\/\\\/qoe.agh.edu.pl\\\/no-reference-metrics\\\/#breadcrumb\",\"itemListElement\":[{\"@type\":\"ListItem\",\"position\":1,\"name\":\"Home\",\"item\":\"https:\\\/\\\/qoe.agh.edu.pl\\\/\"},{\"@type\":\"ListItem\",\"position\":2,\"name\":\"Research\"}]},{\"@type\":\"WebSite\",\"@id\":\"https:\\\/\\\/qoe.agh.edu.pl\\\/#website\",\"url\":\"https:\\\/\\\/qoe.agh.edu.pl\\\/\",\"name\":\"AGH Video Quality of Experience (QoE) Team\",\"description\":\"\",\"publisher\":{\"@id\":\"https:\\\/\\\/qoe.agh.edu.pl\\\/#organization\"},\"potentialAction\":[{\"@type\":\"SearchAction\",\"target\":{\"@type\":\"EntryPoint\",\"urlTemplate\":\"https:\\\/\\\/qoe.agh.edu.pl\\\/?s={search_term_string}\"},\"query-input\":{\"@type\":\"PropertyValueSpecification\",\"valueRequired\":true,\"valueName\":\"search_term_string\"}}],\"inLanguage\":\"pl-PL\"},{\"@type\":\"Organization\",\"@id\":\"https:\\\/\\\/qoe.agh.edu.pl\\\/#organization\",\"name\":\"AGH Video Quality of Experience (QoE) Team\",\"url\":\"https:\\\/\\\/qoe.agh.edu.pl\\\/\",\"logo\":{\"@type\":\"ImageObject\",\"inLanguage\":\"pl-PL\",\"@id\":\"https:\\\/\\\/qoe.agh.edu.pl\\\/#\\\/schema\\\/logo\\\/image\\\/\",\"url\":\"https:\\\/\\\/i0.wp.com\\\/qoe.agh.edu.pl\\\/wp-content\\\/uploads\\\/2021\\\/05\\\/cropped-logoqoe_crop_square-1.png?fit=250%2C250&ssl=1\",\"contentUrl\":\"https:\\\/\\\/i0.wp.com\\\/qoe.agh.edu.pl\\\/wp-content\\\/uploads\\\/2021\\\/05\\\/cropped-logoqoe_crop_square-1.png?fit=250%2C250&ssl=1\",\"width\":250,\"height\":250,\"caption\":\"AGH Video Quality of Experience (QoE) Team\"},\"image\":{\"@id\":\"https:\\\/\\\/qoe.agh.edu.pl\\\/#\\\/schema\\\/logo\\\/image\\\/\"},\"sameAs\":[\"https:\\\/\\\/www.facebook.com\\\/qoe.lab.agh\"]}]}<\/script>\n<!-- \/ Yoast SEO plugin. -->","yoast_head_json":{"title":"Research - AGH Video Quality of Experience (QoE) Team","robots":{"index":"index","follow":"follow","max-snippet":"max-snippet:-1","max-image-preview":"max-image-preview:large","max-video-preview":"max-video-preview:-1"},"canonical":"https:\/\/qoe.agh.edu.pl\/pl\/no-reference-metrics\/","og_locale":"pl_PL","og_type":"article","og_title":"Research - AGH Video Quality of Experience (QoE) Team","og_description":"Grupa badawcza\u00a0Quality of Experience (QoE)\u00a0w\u00a0Instytucie Telekomunikacji AGH\u00a0zajmuje si\u0119\u00a0analiz\u0105 i optymalizacj\u0105 jako\u015bci do\u015bwiadcze\u0144 u\u017cytkownik\u00f3w\u00a0w kontek\u015bcie nowoczesnych us\u0142ug multimedialnych i sieciowych. Naszym celem jest\u00a0zrozumienie percepcji jako\u015bci\u00a0oraz opracowanie metod jej poprawy, uwzgl\u0119dniaj\u0105c zar\u00f3wno aspekty techniczne, jak i behawioralne. G\u0142\u00f3wne obszary badawcze","og_url":"https:\/\/qoe.agh.edu.pl\/pl\/no-reference-metrics\/","og_site_name":"AGH Video Quality of Experience (QoE) Team","article_publisher":"https:\/\/www.facebook.com\/qoe.lab.agh","article_modified_time":"2025-03-11T17:00:30+00:00","twitter_card":"summary_large_image","twitter_misc":{"Szacowany czas czytania":"1 minuta"},"schema":{"@context":"https:\/\/schema.org","@graph":[{"@type":"WebPage","@id":"https:\/\/qoe.agh.edu.pl\/no-reference-metrics\/","url":"https:\/\/qoe.agh.edu.pl\/no-reference-metrics\/","name":"Research - AGH Video Quality of Experience (QoE) Team","isPartOf":{"@id":"https:\/\/qoe.agh.edu.pl\/#website"},"datePublished":"2025-03-11T16:22:06+00:00","dateModified":"2025-03-11T17:00:30+00:00","breadcrumb":{"@id":"https:\/\/qoe.agh.edu.pl\/no-reference-metrics\/#breadcrumb"},"inLanguage":"pl-PL","potentialAction":[{"@type":"ReadAction","target":["https:\/\/qoe.agh.edu.pl\/no-reference-metrics\/"]}]},{"@type":"BreadcrumbList","@id":"https:\/\/qoe.agh.edu.pl\/no-reference-metrics\/#breadcrumb","itemListElement":[{"@type":"ListItem","position":1,"name":"Home","item":"https:\/\/qoe.agh.edu.pl\/"},{"@type":"ListItem","position":2,"name":"Research"}]},{"@type":"WebSite","@id":"https:\/\/qoe.agh.edu.pl\/#website","url":"https:\/\/qoe.agh.edu.pl\/","name":"Zesp\u00f3\u0142 AGH Video Quality of Experience (QoE)","description":"","publisher":{"@id":"https:\/\/qoe.agh.edu.pl\/#organization"},"potentialAction":[{"@type":"SearchAction","target":{"@type":"EntryPoint","urlTemplate":"https:\/\/qoe.agh.edu.pl\/?s={search_term_string}"},"query-input":{"@type":"PropertyValueSpecification","valueRequired":true,"valueName":"search_term_string"}}],"inLanguage":"pl-PL"},{"@type":"Organization","@id":"https:\/\/qoe.agh.edu.pl\/#organization","name":"Zesp\u00f3\u0142 AGH Video Quality of Experience (QoE)","url":"https:\/\/qoe.agh.edu.pl\/","logo":{"@type":"ImageObject","inLanguage":"pl-PL","@id":"https:\/\/qoe.agh.edu.pl\/#\/schema\/logo\/image\/","url":"https:\/\/i0.wp.com\/qoe.agh.edu.pl\/wp-content\/uploads\/2021\/05\/cropped-logoqoe_crop_square-1.png?fit=250%2C250&ssl=1","contentUrl":"https:\/\/i0.wp.com\/qoe.agh.edu.pl\/wp-content\/uploads\/2021\/05\/cropped-logoqoe_crop_square-1.png?fit=250%2C250&ssl=1","width":250,"height":250,"caption":"AGH Video Quality of Experience (QoE) Team"},"image":{"@id":"https:\/\/qoe.agh.edu.pl\/#\/schema\/logo\/image\/"},"sameAs":["https:\/\/www.facebook.com\/qoe.lab.agh"]}]}},"jetpack_sharing_enabled":true,"_links":{"self":[{"href":"https:\/\/qoe.agh.edu.pl\/pl\/wp-json\/wp\/v2\/pages\/719","targetHints":{"allow":["GET"]}}],"collection":[{"href":"https:\/\/qoe.agh.edu.pl\/pl\/wp-json\/wp\/v2\/pages"}],"about":[{"href":"https:\/\/qoe.agh.edu.pl\/pl\/wp-json\/wp\/v2\/types\/page"}],"author":[{"embeddable":true,"href":"https:\/\/qoe.agh.edu.pl\/pl\/wp-json\/wp\/v2\/users\/1"}],"replies":[{"embeddable":true,"href":"https:\/\/qoe.agh.edu.pl\/pl\/wp-json\/wp\/v2\/comments?post=719"}],"version-history":[{"count":6,"href":"https:\/\/qoe.agh.edu.pl\/pl\/wp-json\/wp\/v2\/pages\/719\/revisions"}],"predecessor-version":[{"id":740,"href":"https:\/\/qoe.agh.edu.pl\/pl\/wp-json\/wp\/v2\/pages\/719\/revisions\/740"}],"wp:attachment":[{"href":"https:\/\/qoe.agh.edu.pl\/pl\/wp-json\/wp\/v2\/media?parent=719"}],"curies":[{"name":"wp","href":"https:\/\/api.w.org\/{rel}","templated":true}]}}