{"id":696,"date":"2025-03-11T16:25:27","date_gmt":"2025-03-11T15:25:27","guid":{"rendered":"https:\/\/qoe.agh.edu.pl\/?page_id=696"},"modified":"2025-03-11T17:00:52","modified_gmt":"2025-03-11T16:00:52","slug":"amis","status":"publish","type":"page","link":"https:\/\/qoe.agh.edu.pl\/pl\/amis\/","title":{"rendered":"Dost\u0119p do wieloj\u0119zycznych informacji i opinii (AMIS)"},"content":{"rendered":"<h3 class=\"wp-block-heading\">\u0179r\u00f3d\u0142o(a) finansowanie (Nazwa wo\u0142ania, Number)<\/h3>\n\n\n\n<p>Narodowe Centrum Nauki (UNISONO, 2015\/16\/Z\/ST7\/00559)<\/p>\n\n\n\n\n\n<h3 class=\"wp-block-heading\">Wielko\u015b\u0107 finansowania<\/h3>\n\n\n\n<p>1 028 916 PLN<\/p>\n\n\n\n\n\n<h3 class=\"wp-block-heading\">Rok rozpocz\u0119cia-zako\u0144czenia<\/h3>\n\n\n\n<p>2015-2019<\/p>\n\n\n\n\n\n<h3 class=\"wp-block-heading\">Najwa\u017cniejsze wyniki<\/h3>\n\n\n\n<ul class=\"wp-block-list\">\n<li>Jan Derkacz, Miko\u0142aj Leszczuk, Micha\u0142 Grega, Arian Ko\u017abia\u0142, Fernando Jorge Hern\u00e1ndez, Amaia Mendez Zorrilla, Bego\u00f1a Garc\u00eda Zapirain, Kamel Sma\u00efli, Definition of Requirements for Accessing Multilingual Information Opinions, Multimedia Tools and Applications, 77 (7), 8359-8374, Springer International Publishing, 2017, IF: 1.403, \u2013 Published<\/li>\n\n\n\n<li>Kamel Sma\u00efli, Dominique Fohr, Carlos-Emiliano Gonz\u00e1lez-Gallardo, Micha\u0142 Grega, Lucjan Janowski, Denis Jouvet, Arian Ko\u017abia\u0142, David Langlois, Miko\u0142aj Leszczuk, Odile Mella, Mohamed-Amine Menacer, Amaia Mendez, Elvys Linhares Pontes, Eric Sanjuan, Juan-Manuel Torres-Moreno, Begona Garcia-Zapirain, Summarizing videos into a target language: Methodology, architectures and evaluation, Journal of Intelligent &amp; Fuzzy Systems, vol. 37, no. 6, 7415-7426, IOS Press, 2019, IF: 1.637, \u2013 Published<\/li>\n\n\n\n<li>Jan Derkacz, Miko\u0142aj Leszczuk, Micha\u0142 Grega, Arian Ko\u017abia\u0142, Kamel Sma\u00efli, Definition of Requirements for Accessing Multilingual Information and Opinions, Multimedia and Network Information Systems, 273-282, Springer International Publishing, 2016, Switzerland 10.1007\/978-3-319-43982-2_24, \u2013 Published<\/li>\n\n\n\n<li>Miko\u0142aj Leszczuk, Micha\u0142 Grega, Arian Ko\u017abia\u0142, Jaros\u0142aw Gliwski, Krzysztof Wasieczko, Kamel Sma\u00efli, Video Summarization Framework for Newscasts and Reports \u2013 Work in Progress, International Conference on Multimedia Communications, Services and Security, 86-97, Springer International Publishing AG. Part of Springer Nature., 2017, 10.1007\/978-3-319-69911-0_7, \u2013 Published<\/li>\n\n\n\n<li>Andrzej Dziech and Jakob Wassermann, Application of Enhanced Hadamard Error Correcting Code in Video-Watermarking and his comparison to Reed-Solomon Code, 21st International Conference on Circuits, Systems, Communications and Computers (CSCC 2017), 8, EDP Sciences, 2017, 10.1051\/matecconf\/201712505007, \u2013 Published<\/li>\n\n\n\n<li>Michal Grega, Lucjan Janowski, Denis Jouvet, Artur Komorowski, Arian Kozbial, David Langlois, Mikolaj Leszczuk, Odile Mella, Juan-Manuel Torres-Moreno, Begona Garcia-Zapirain, A First Summarisation System of a Video in a Target Language, Multimedia and Network Information Systems: Proceedings of the 11th International Conference MISSI 2018, 77, Springer, 2018, 10.1007\/978-3-319-98678-4_10, \u2013 Published<\/li>\n\n\n\n<li>Aritz Badiola, Amaia M\u00e9ndez Zorrilla, Bego\u00f1a Garc\u00eda-Zapirain Soto, Micha\u0142 Grega, Miko\u0142aj Leszczuk, Kamel Smaili, Evaluation of AMIS project Improved Components for Speech Recognition, Machine Translation and Video\/Audio\/Text Summarization, Multimedia Communications, Services &amp; Security (MCSS\u201920), 15, Springer, 2020, Krak\u00f3w, \u2013 Accepted for publication<\/li>\n\n\n\n<li>Artur Komorowski, Lucjan Janowski, Miko\u0142aj Leszczuk, Evaluation of Multimedia Content Summarization Algorithms, International Conference on Multimedia and Network Information System, 424-433, Springer, Cham, 2018, 10.1007\/978-3-319-98678-4_43, \u2013 Published<\/li>\n\n\n\n<li>Micha\u0142 Grega, Kamel Sma\u00efli, Miko\u0142aj Leszczuk, Carlos-Emiliano Gonz\u00e1lez-Gallardo, Juan-Manuel Torres-Moreno, Elvys Linhares Pontes, Dominique Fohr, Odile Mella, Mohamed Menacer, Denis Jouvet, An Integrated AMIS Prototype for Automated Summarization and Translation of Newscasts and Reports, International Conference on Multimedia and Network Information System, 415-423, Springer, Cham, 2018, 10.1007\/978-3-319-98678-4_42, \u2013 Published<\/li>\n\n\n\n<li>Begona Garcia-Zapirain, Cristian Castillo, Aritz Badiola, Sofia Zahia, Amaia Mendez, David Langlois, Denis Jouvet, Juan-Manuel Torres, Miko\u0142aj Leszczuk, Kamel Sma\u00efli, A proposed methodology for subjective evaluation of video and text summarization, International Conference on Multimedia and Network Information System, 396-404, Springer, Cham, 2018, 10.1007\/978-3-319-98678-4_40, \u2013 Published<\/li>\n\n\n\n<li>Arian Ko\u017abia\u0142, Miko\u0142aj Leszczuk, Collection, Analysis and Summarization of Video Content, International Conference on Multimedia and Network Information System, 405-414, Springer, Cham, 2018, 10.1007\/978-3-319-98678-4_41, \u2013 Published<\/li>\n<\/ul>","protected":false},"excerpt":{"rendered":"<p>\u0179r\u00f3d\u0142o(a) finansowanie (Nazwa wo\u0142ania, Number) Narodowe Centrum Nauki (UNISONO, 2015\/16\/Z\/ST7\/00559) Wielko\u015b\u0107 finansowania 1 028 916 PLN Rok rozpocz\u0119cia-zako\u0144czenia 2015-2019 Najwa\u017cniejsze wyniki<\/p>","protected":false},"author":1,"featured_media":0,"parent":0,"menu_order":0,"comment_status":"closed","ping_status":"closed","template":"","meta":{"footnotes":""},"class_list":["post-696","page","type-page","status-publish","hentry"],"yoast_head":"<!-- This site is optimized with the Yoast SEO plugin v27.4 - https:\/\/yoast.com\/product\/yoast-seo-wordpress\/ -->\n<title>Access Multilingual Information opinionS (AMIS) - AGH Video Quality of Experience (QoE) Team<\/title>\n<meta name=\"robots\" content=\"index, follow, max-snippet:-1, max-image-preview:large, max-video-preview:-1\" \/>\n<link rel=\"canonical\" href=\"https:\/\/qoe.agh.edu.pl\/pl\/amis\/\" \/>\n<meta property=\"og:locale\" content=\"pl_PL\" \/>\n<meta property=\"og:type\" content=\"article\" \/>\n<meta property=\"og:title\" content=\"Access Multilingual Information opinionS (AMIS) - AGH Video Quality of Experience (QoE) Team\" \/>\n<meta property=\"og:description\" content=\"\u0179r\u00f3d\u0142o(a) finansowanie (Nazwa wo\u0142ania, Number) Narodowe Centrum Nauki (UNISONO, 2015\/16\/Z\/ST7\/00559) Wielko\u015b\u0107 finansowania 1 028 916 PLN Rok rozpocz\u0119cia-zako\u0144czenia 2015-2019 Najwa\u017cniejsze wyniki\" \/>\n<meta property=\"og:url\" content=\"https:\/\/qoe.agh.edu.pl\/pl\/amis\/\" \/>\n<meta property=\"og:site_name\" content=\"AGH Video Quality of Experience (QoE) Team\" \/>\n<meta property=\"article:publisher\" content=\"https:\/\/www.facebook.com\/qoe.lab.agh\" \/>\n<meta property=\"article:modified_time\" content=\"2025-03-11T16:00:52+00:00\" \/>\n<meta name=\"twitter:card\" content=\"summary_large_image\" \/>\n<meta name=\"twitter:label1\" content=\"Szacowany czas czytania\" \/>\n\t<meta name=\"twitter:data1\" content=\"3 minuty\" \/>\n<script type=\"application\/ld+json\" class=\"yoast-schema-graph\">{\"@context\":\"https:\\\/\\\/schema.org\",\"@graph\":[{\"@type\":\"WebPage\",\"@id\":\"https:\\\/\\\/qoe.agh.edu.pl\\\/amis\\\/\",\"url\":\"https:\\\/\\\/qoe.agh.edu.pl\\\/amis\\\/\",\"name\":\"Access Multilingual Information opinionS (AMIS) - AGH Video Quality of Experience (QoE) Team\",\"isPartOf\":{\"@id\":\"https:\\\/\\\/qoe.agh.edu.pl\\\/#website\"},\"datePublished\":\"2025-03-11T15:25:27+00:00\",\"dateModified\":\"2025-03-11T16:00:52+00:00\",\"breadcrumb\":{\"@id\":\"https:\\\/\\\/qoe.agh.edu.pl\\\/amis\\\/#breadcrumb\"},\"inLanguage\":\"pl-PL\",\"potentialAction\":[{\"@type\":\"ReadAction\",\"target\":[\"https:\\\/\\\/qoe.agh.edu.pl\\\/amis\\\/\"]}]},{\"@type\":\"BreadcrumbList\",\"@id\":\"https:\\\/\\\/qoe.agh.edu.pl\\\/amis\\\/#breadcrumb\",\"itemListElement\":[{\"@type\":\"ListItem\",\"position\":1,\"name\":\"Home\",\"item\":\"https:\\\/\\\/qoe.agh.edu.pl\\\/\"},{\"@type\":\"ListItem\",\"position\":2,\"name\":\"Access Multilingual Information opinionS (AMIS)\"}]},{\"@type\":\"WebSite\",\"@id\":\"https:\\\/\\\/qoe.agh.edu.pl\\\/#website\",\"url\":\"https:\\\/\\\/qoe.agh.edu.pl\\\/\",\"name\":\"AGH Video Quality of Experience (QoE) Team\",\"description\":\"\",\"publisher\":{\"@id\":\"https:\\\/\\\/qoe.agh.edu.pl\\\/#organization\"},\"potentialAction\":[{\"@type\":\"SearchAction\",\"target\":{\"@type\":\"EntryPoint\",\"urlTemplate\":\"https:\\\/\\\/qoe.agh.edu.pl\\\/?s={search_term_string}\"},\"query-input\":{\"@type\":\"PropertyValueSpecification\",\"valueRequired\":true,\"valueName\":\"search_term_string\"}}],\"inLanguage\":\"pl-PL\"},{\"@type\":\"Organization\",\"@id\":\"https:\\\/\\\/qoe.agh.edu.pl\\\/#organization\",\"name\":\"AGH Video Quality of Experience (QoE) Team\",\"url\":\"https:\\\/\\\/qoe.agh.edu.pl\\\/\",\"logo\":{\"@type\":\"ImageObject\",\"inLanguage\":\"pl-PL\",\"@id\":\"https:\\\/\\\/qoe.agh.edu.pl\\\/#\\\/schema\\\/logo\\\/image\\\/\",\"url\":\"https:\\\/\\\/i0.wp.com\\\/qoe.agh.edu.pl\\\/wp-content\\\/uploads\\\/2021\\\/05\\\/cropped-logoqoe_crop_square-1.png?fit=250%2C250&ssl=1\",\"contentUrl\":\"https:\\\/\\\/i0.wp.com\\\/qoe.agh.edu.pl\\\/wp-content\\\/uploads\\\/2021\\\/05\\\/cropped-logoqoe_crop_square-1.png?fit=250%2C250&ssl=1\",\"width\":250,\"height\":250,\"caption\":\"AGH Video Quality of Experience (QoE) Team\"},\"image\":{\"@id\":\"https:\\\/\\\/qoe.agh.edu.pl\\\/#\\\/schema\\\/logo\\\/image\\\/\"},\"sameAs\":[\"https:\\\/\\\/www.facebook.com\\\/qoe.lab.agh\"]}]}<\/script>\n<!-- \/ Yoast SEO plugin. -->","yoast_head_json":{"title":"Access Multilingual Information opinionS (AMIS) - AGH Video Quality of Experience (QoE) Team","robots":{"index":"index","follow":"follow","max-snippet":"max-snippet:-1","max-image-preview":"max-image-preview:large","max-video-preview":"max-video-preview:-1"},"canonical":"https:\/\/qoe.agh.edu.pl\/pl\/amis\/","og_locale":"pl_PL","og_type":"article","og_title":"Access Multilingual Information opinionS (AMIS) - AGH Video Quality of Experience (QoE) Team","og_description":"\u0179r\u00f3d\u0142o(a) finansowanie (Nazwa wo\u0142ania, Number) Narodowe Centrum Nauki (UNISONO, 2015\/16\/Z\/ST7\/00559) Wielko\u015b\u0107 finansowania 1 028 916 PLN Rok rozpocz\u0119cia-zako\u0144czenia 2015-2019 Najwa\u017cniejsze wyniki","og_url":"https:\/\/qoe.agh.edu.pl\/pl\/amis\/","og_site_name":"AGH Video Quality of Experience (QoE) Team","article_publisher":"https:\/\/www.facebook.com\/qoe.lab.agh","article_modified_time":"2025-03-11T16:00:52+00:00","twitter_card":"summary_large_image","twitter_misc":{"Szacowany czas czytania":"3 minuty"},"schema":{"@context":"https:\/\/schema.org","@graph":[{"@type":"WebPage","@id":"https:\/\/qoe.agh.edu.pl\/amis\/","url":"https:\/\/qoe.agh.edu.pl\/amis\/","name":"Access Multilingual Information opinionS (AMIS) - AGH Video Quality of Experience (QoE) Team","isPartOf":{"@id":"https:\/\/qoe.agh.edu.pl\/#website"},"datePublished":"2025-03-11T15:25:27+00:00","dateModified":"2025-03-11T16:00:52+00:00","breadcrumb":{"@id":"https:\/\/qoe.agh.edu.pl\/amis\/#breadcrumb"},"inLanguage":"pl-PL","potentialAction":[{"@type":"ReadAction","target":["https:\/\/qoe.agh.edu.pl\/amis\/"]}]},{"@type":"BreadcrumbList","@id":"https:\/\/qoe.agh.edu.pl\/amis\/#breadcrumb","itemListElement":[{"@type":"ListItem","position":1,"name":"Home","item":"https:\/\/qoe.agh.edu.pl\/"},{"@type":"ListItem","position":2,"name":"Access Multilingual Information opinionS (AMIS)"}]},{"@type":"WebSite","@id":"https:\/\/qoe.agh.edu.pl\/#website","url":"https:\/\/qoe.agh.edu.pl\/","name":"Zesp\u00f3\u0142 AGH Video Quality of Experience (QoE)","description":"","publisher":{"@id":"https:\/\/qoe.agh.edu.pl\/#organization"},"potentialAction":[{"@type":"SearchAction","target":{"@type":"EntryPoint","urlTemplate":"https:\/\/qoe.agh.edu.pl\/?s={search_term_string}"},"query-input":{"@type":"PropertyValueSpecification","valueRequired":true,"valueName":"search_term_string"}}],"inLanguage":"pl-PL"},{"@type":"Organization","@id":"https:\/\/qoe.agh.edu.pl\/#organization","name":"Zesp\u00f3\u0142 AGH Video Quality of Experience (QoE)","url":"https:\/\/qoe.agh.edu.pl\/","logo":{"@type":"ImageObject","inLanguage":"pl-PL","@id":"https:\/\/qoe.agh.edu.pl\/#\/schema\/logo\/image\/","url":"https:\/\/i0.wp.com\/qoe.agh.edu.pl\/wp-content\/uploads\/2021\/05\/cropped-logoqoe_crop_square-1.png?fit=250%2C250&ssl=1","contentUrl":"https:\/\/i0.wp.com\/qoe.agh.edu.pl\/wp-content\/uploads\/2021\/05\/cropped-logoqoe_crop_square-1.png?fit=250%2C250&ssl=1","width":250,"height":250,"caption":"AGH Video Quality of Experience (QoE) Team"},"image":{"@id":"https:\/\/qoe.agh.edu.pl\/#\/schema\/logo\/image\/"},"sameAs":["https:\/\/www.facebook.com\/qoe.lab.agh"]}]}},"jetpack_sharing_enabled":true,"_links":{"self":[{"href":"https:\/\/qoe.agh.edu.pl\/pl\/wp-json\/wp\/v2\/pages\/696","targetHints":{"allow":["GET"]}}],"collection":[{"href":"https:\/\/qoe.agh.edu.pl\/pl\/wp-json\/wp\/v2\/pages"}],"about":[{"href":"https:\/\/qoe.agh.edu.pl\/pl\/wp-json\/wp\/v2\/types\/page"}],"author":[{"embeddable":true,"href":"https:\/\/qoe.agh.edu.pl\/pl\/wp-json\/wp\/v2\/users\/1"}],"replies":[{"embeddable":true,"href":"https:\/\/qoe.agh.edu.pl\/pl\/wp-json\/wp\/v2\/comments?post=696"}],"version-history":[{"count":3,"href":"https:\/\/qoe.agh.edu.pl\/pl\/wp-json\/wp\/v2\/pages\/696\/revisions"}],"predecessor-version":[{"id":712,"href":"https:\/\/qoe.agh.edu.pl\/pl\/wp-json\/wp\/v2\/pages\/696\/revisions\/712"}],"wp:attachment":[{"href":"https:\/\/qoe.agh.edu.pl\/pl\/wp-json\/wp\/v2\/media?parent=696"}],"curies":[{"name":"wp","href":"https:\/\/api.w.org\/{rel}","templated":true}]}}