{"id":665,"date":"2025-03-11T13:59:12","date_gmt":"2025-03-11T12:59:12","guid":{"rendered":"https:\/\/qoe.agh.edu.pl\/?page_id=665"},"modified":"2025-03-11T14:37:07","modified_gmt":"2025-03-11T13:37:07","slug":"projects","status":"publish","type":"page","link":"https:\/\/qoe.agh.edu.pl\/pl\/projects\/","title":{"rendered":"Projekty"},"content":{"rendered":"<ul class=\"wp-block-list\">\n\n\n\n\n\n<\/ul>\n\n\n\n\n\n\n\n\n\n<p>Na Wydziale Informatyki AGH prowadzimy liczne projekty badawcze i rozwojowe z zakresu&nbsp;<strong>Quality of Experience (QoE)<\/strong>, kt\u00f3re \u0142\u0105cz\u0105 nowoczesne technologie, analiz\u0119 danych oraz optymalizacj\u0119 jako\u015bci u\u017cytkowania system\u00f3w i us\u0142ug cyfrowych. Nasze inicjatywy obejmuj\u0105 zar\u00f3wno&nbsp;<strong>badania akademickie<\/strong>, jak i&nbsp;<strong>wsp\u00f3\u0142prac\u0119 z przemys\u0142em<\/strong>, dostarczaj\u0105c innowacyjne rozwi\u0105zania dla dynamicznie rozwijaj\u0105cych si\u0119 sektor\u00f3w IT, telekomunikacji i medi\u00f3w cyfrowych.<\/p>\n\n\n\n<h3 class=\"wp-block-heading\">Czym si\u0119 zajmujemy?<\/h3>\n\n\n\n<ul class=\"wp-block-list\">\n<li><strong>Badania nad jako\u015bci\u0105 do\u015bwiadcze\u0144 u\u017cytkownik\u00f3w<\/strong>\u00a0\u2013 analizujemy, jak u\u017cytkownicy odbieraj\u0105 r\u00f3\u017cne technologie i jak mo\u017cna poprawi\u0107 ich komfort.<\/li>\n\n\n\n<li><strong>Rozw\u00f3j algorytm\u00f3w i metod optymalizacji QoE<\/strong>\u00a0\u2013 wykorzystujemy\u00a0<strong>AI, machine learning i metody obliczeniowe<\/strong>\u00a0do poprawy jako\u015bci us\u0142ug.<\/li>\n\n\n\n<li><strong>Eksperymenty i testy w rzeczywistych \u015brodowiskach<\/strong>\u00a0\u2013 prowadzimy\u00a0<strong>badania UX\/UI, testy wydajno\u015bciowe oraz symulacje sieciowe<\/strong>.<\/li>\n\n\n\n<li><strong>Interdyscyplinarne podej\u015bcie<\/strong>\u00a0\u2013 \u0142\u0105czymy\u00a0<strong>informatyk\u0119, psychologi\u0119 kognitywn\u0105 oraz in\u017cynieri\u0119<\/strong>\u00a0w celu tworzenia innowacyjnych rozwi\u0105za\u0144.<\/li>\n<\/ul>\n\n\n\n<h3 class=\"wp-block-heading\">Zapraszamy do wsp\u00f3\u0142pracy!<\/h3>\n\n\n\n<p>Je\u015bli interesuje Ci\u0119&nbsp;<strong>Quality of Experience<\/strong>, szukasz&nbsp;<strong>mo\u017cliwo\u015bci wsp\u00f3\u0142pracy badawczej, sta\u017cu, praktyk lub realizacji pracy dyplomowej<\/strong>, skontaktuj si\u0119 z nami! Ch\u0119tnie nawi\u0105\u017cemy wsp\u00f3\u0142prac\u0119 z&nbsp;<strong>firmami, studentami oraz jednostkami naukowymi<\/strong>, aby wsp\u00f3lnie rozwija\u0107 nowe technologie i podnosi\u0107 jako\u015b\u0107 do\u015bwiadcze\u0144 u\u017cytkownik\u00f3w.<\/p>\n\n\n\n<p>\ud83d\udce9 Skontaktuj si\u0119 z nami:\u00a0<a href=\"https:\/\/qoe.agh.edu.pl\/pl\/contact\/\" data-type=\"page\" data-id=\"16\">QoE AGH<\/a><\/p>\n\n\n\n<p><\/p>","protected":false},"excerpt":{"rendered":"<p>Na Wydziale Informatyki AGH prowadzimy liczne projekty badawcze i rozwojowe z zakresu&nbsp;Quality of Experience (QoE), kt\u00f3re \u0142\u0105cz\u0105 nowoczesne technologie, analiz\u0119 danych oraz optymalizacj\u0119 jako\u015bci u\u017cytkowania system\u00f3w i us\u0142ug cyfrowych. Nasze inicjatywy obejmuj\u0105 zar\u00f3wno&nbsp;badania akademickie, jak i&nbsp;wsp\u00f3\u0142prac\u0119 z przemys\u0142em, dostarczaj\u0105c innowacyjne rozwi\u0105zania dla dynamicznie rozwijaj\u0105cych si\u0119 sektor\u00f3w IT, telekomunikacji i medi\u00f3w cyfrowych. Czym si\u0119 zajmujemy? Zapraszamy &hellip; <\/p>\n<p class=\"link-more\"><a href=\"https:\/\/qoe.agh.edu.pl\/pl\/projects\/\" class=\"more-link\">Czytaj dalej<span class=\"screen-reader-text\"> \u201eProjects\u201d<\/span><\/a><\/p>","protected":false},"author":1,"featured_media":0,"parent":0,"menu_order":0,"comment_status":"closed","ping_status":"closed","template":"","meta":{"footnotes":""},"class_list":["post-665","page","type-page","status-publish","hentry"],"yoast_head":"<!-- This site is optimized with the Yoast SEO plugin v27.4 - https:\/\/yoast.com\/product\/yoast-seo-wordpress\/ -->\n<title>Projects - AGH Video Quality of Experience (QoE) Team<\/title>\n<meta name=\"robots\" content=\"index, follow, max-snippet:-1, max-image-preview:large, max-video-preview:-1\" \/>\n<link rel=\"canonical\" href=\"https:\/\/qoe.agh.edu.pl\/pl\/projects\/\" \/>\n<meta property=\"og:locale\" content=\"pl_PL\" \/>\n<meta property=\"og:type\" content=\"article\" \/>\n<meta property=\"og:title\" content=\"Projects - AGH Video Quality of Experience (QoE) Team\" \/>\n<meta property=\"og:description\" content=\"Na Wydziale Informatyki AGH prowadzimy liczne projekty badawcze i rozwojowe z zakresu&nbsp;Quality of Experience (QoE), kt\u00f3re \u0142\u0105cz\u0105 nowoczesne technologie, analiz\u0119 danych oraz optymalizacj\u0119 jako\u015bci u\u017cytkowania system\u00f3w i us\u0142ug cyfrowych. Nasze inicjatywy obejmuj\u0105 zar\u00f3wno&nbsp;badania akademickie, jak i&nbsp;wsp\u00f3\u0142prac\u0119 z przemys\u0142em, dostarczaj\u0105c innowacyjne rozwi\u0105zania dla dynamicznie rozwijaj\u0105cych si\u0119 sektor\u00f3w IT, telekomunikacji i medi\u00f3w cyfrowych. Czym si\u0119 zajmujemy? Zapraszamy &hellip; Czytaj dalej \u201eProjects\u201d\" \/>\n<meta property=\"og:url\" content=\"https:\/\/qoe.agh.edu.pl\/pl\/projects\/\" \/>\n<meta property=\"og:site_name\" content=\"AGH Video Quality of Experience (QoE) Team\" \/>\n<meta property=\"article:publisher\" content=\"https:\/\/www.facebook.com\/qoe.lab.agh\" \/>\n<meta property=\"article:modified_time\" content=\"2025-03-11T13:37:07+00:00\" \/>\n<meta name=\"twitter:card\" content=\"summary_large_image\" \/>\n<meta name=\"twitter:label1\" content=\"Szacowany czas czytania\" \/>\n\t<meta name=\"twitter:data1\" content=\"2 minuty\" \/>\n<script type=\"application\/ld+json\" class=\"yoast-schema-graph\">{\"@context\":\"https:\\\/\\\/schema.org\",\"@graph\":[{\"@type\":\"WebPage\",\"@id\":\"https:\\\/\\\/qoe.agh.edu.pl\\\/projects\\\/\",\"url\":\"https:\\\/\\\/qoe.agh.edu.pl\\\/projects\\\/\",\"name\":\"Projects - AGH Video Quality of Experience (QoE) Team\",\"isPartOf\":{\"@id\":\"https:\\\/\\\/qoe.agh.edu.pl\\\/#website\"},\"datePublished\":\"2025-03-11T12:59:12+00:00\",\"dateModified\":\"2025-03-11T13:37:07+00:00\",\"breadcrumb\":{\"@id\":\"https:\\\/\\\/qoe.agh.edu.pl\\\/projects\\\/#breadcrumb\"},\"inLanguage\":\"pl-PL\",\"potentialAction\":[{\"@type\":\"ReadAction\",\"target\":[\"https:\\\/\\\/qoe.agh.edu.pl\\\/projects\\\/\"]}]},{\"@type\":\"BreadcrumbList\",\"@id\":\"https:\\\/\\\/qoe.agh.edu.pl\\\/projects\\\/#breadcrumb\",\"itemListElement\":[{\"@type\":\"ListItem\",\"position\":1,\"name\":\"Home\",\"item\":\"https:\\\/\\\/qoe.agh.edu.pl\\\/\"},{\"@type\":\"ListItem\",\"position\":2,\"name\":\"Projects\"}]},{\"@type\":\"WebSite\",\"@id\":\"https:\\\/\\\/qoe.agh.edu.pl\\\/#website\",\"url\":\"https:\\\/\\\/qoe.agh.edu.pl\\\/\",\"name\":\"AGH Video Quality of Experience (QoE) Team\",\"description\":\"\",\"publisher\":{\"@id\":\"https:\\\/\\\/qoe.agh.edu.pl\\\/#organization\"},\"potentialAction\":[{\"@type\":\"SearchAction\",\"target\":{\"@type\":\"EntryPoint\",\"urlTemplate\":\"https:\\\/\\\/qoe.agh.edu.pl\\\/?s={search_term_string}\"},\"query-input\":{\"@type\":\"PropertyValueSpecification\",\"valueRequired\":true,\"valueName\":\"search_term_string\"}}],\"inLanguage\":\"pl-PL\"},{\"@type\":\"Organization\",\"@id\":\"https:\\\/\\\/qoe.agh.edu.pl\\\/#organization\",\"name\":\"AGH Video Quality of Experience (QoE) Team\",\"url\":\"https:\\\/\\\/qoe.agh.edu.pl\\\/\",\"logo\":{\"@type\":\"ImageObject\",\"inLanguage\":\"pl-PL\",\"@id\":\"https:\\\/\\\/qoe.agh.edu.pl\\\/#\\\/schema\\\/logo\\\/image\\\/\",\"url\":\"https:\\\/\\\/i0.wp.com\\\/qoe.agh.edu.pl\\\/wp-content\\\/uploads\\\/2021\\\/05\\\/cropped-logoqoe_crop_square-1.png?fit=250%2C250&ssl=1\",\"contentUrl\":\"https:\\\/\\\/i0.wp.com\\\/qoe.agh.edu.pl\\\/wp-content\\\/uploads\\\/2021\\\/05\\\/cropped-logoqoe_crop_square-1.png?fit=250%2C250&ssl=1\",\"width\":250,\"height\":250,\"caption\":\"AGH Video Quality of Experience (QoE) Team\"},\"image\":{\"@id\":\"https:\\\/\\\/qoe.agh.edu.pl\\\/#\\\/schema\\\/logo\\\/image\\\/\"},\"sameAs\":[\"https:\\\/\\\/www.facebook.com\\\/qoe.lab.agh\"]}]}<\/script>\n<!-- \/ Yoast SEO plugin. -->","yoast_head_json":{"title":"Projects - AGH Video Quality of Experience (QoE) Team","robots":{"index":"index","follow":"follow","max-snippet":"max-snippet:-1","max-image-preview":"max-image-preview:large","max-video-preview":"max-video-preview:-1"},"canonical":"https:\/\/qoe.agh.edu.pl\/pl\/projects\/","og_locale":"pl_PL","og_type":"article","og_title":"Projects - AGH Video Quality of Experience (QoE) Team","og_description":"Na Wydziale Informatyki AGH prowadzimy liczne projekty badawcze i rozwojowe z zakresu&nbsp;Quality of Experience (QoE), kt\u00f3re \u0142\u0105cz\u0105 nowoczesne technologie, analiz\u0119 danych oraz optymalizacj\u0119 jako\u015bci u\u017cytkowania system\u00f3w i us\u0142ug cyfrowych. Nasze inicjatywy obejmuj\u0105 zar\u00f3wno&nbsp;badania akademickie, jak i&nbsp;wsp\u00f3\u0142prac\u0119 z przemys\u0142em, dostarczaj\u0105c innowacyjne rozwi\u0105zania dla dynamicznie rozwijaj\u0105cych si\u0119 sektor\u00f3w IT, telekomunikacji i medi\u00f3w cyfrowych. Czym si\u0119 zajmujemy? Zapraszamy &hellip; Czytaj dalej \u201eProjects\u201d","og_url":"https:\/\/qoe.agh.edu.pl\/pl\/projects\/","og_site_name":"AGH Video Quality of Experience (QoE) Team","article_publisher":"https:\/\/www.facebook.com\/qoe.lab.agh","article_modified_time":"2025-03-11T13:37:07+00:00","twitter_card":"summary_large_image","twitter_misc":{"Szacowany czas czytania":"2 minuty"},"schema":{"@context":"https:\/\/schema.org","@graph":[{"@type":"WebPage","@id":"https:\/\/qoe.agh.edu.pl\/projects\/","url":"https:\/\/qoe.agh.edu.pl\/projects\/","name":"Projects - AGH Video Quality of Experience (QoE) Team","isPartOf":{"@id":"https:\/\/qoe.agh.edu.pl\/#website"},"datePublished":"2025-03-11T12:59:12+00:00","dateModified":"2025-03-11T13:37:07+00:00","breadcrumb":{"@id":"https:\/\/qoe.agh.edu.pl\/projects\/#breadcrumb"},"inLanguage":"pl-PL","potentialAction":[{"@type":"ReadAction","target":["https:\/\/qoe.agh.edu.pl\/projects\/"]}]},{"@type":"BreadcrumbList","@id":"https:\/\/qoe.agh.edu.pl\/projects\/#breadcrumb","itemListElement":[{"@type":"ListItem","position":1,"name":"Home","item":"https:\/\/qoe.agh.edu.pl\/"},{"@type":"ListItem","position":2,"name":"Projects"}]},{"@type":"WebSite","@id":"https:\/\/qoe.agh.edu.pl\/#website","url":"https:\/\/qoe.agh.edu.pl\/","name":"Zesp\u00f3\u0142 AGH Video Quality of Experience (QoE)","description":"","publisher":{"@id":"https:\/\/qoe.agh.edu.pl\/#organization"},"potentialAction":[{"@type":"SearchAction","target":{"@type":"EntryPoint","urlTemplate":"https:\/\/qoe.agh.edu.pl\/?s={search_term_string}"},"query-input":{"@type":"PropertyValueSpecification","valueRequired":true,"valueName":"search_term_string"}}],"inLanguage":"pl-PL"},{"@type":"Organization","@id":"https:\/\/qoe.agh.edu.pl\/#organization","name":"Zesp\u00f3\u0142 AGH Video Quality of Experience (QoE)","url":"https:\/\/qoe.agh.edu.pl\/","logo":{"@type":"ImageObject","inLanguage":"pl-PL","@id":"https:\/\/qoe.agh.edu.pl\/#\/schema\/logo\/image\/","url":"https:\/\/i0.wp.com\/qoe.agh.edu.pl\/wp-content\/uploads\/2021\/05\/cropped-logoqoe_crop_square-1.png?fit=250%2C250&ssl=1","contentUrl":"https:\/\/i0.wp.com\/qoe.agh.edu.pl\/wp-content\/uploads\/2021\/05\/cropped-logoqoe_crop_square-1.png?fit=250%2C250&ssl=1","width":250,"height":250,"caption":"AGH Video Quality of Experience (QoE) Team"},"image":{"@id":"https:\/\/qoe.agh.edu.pl\/#\/schema\/logo\/image\/"},"sameAs":["https:\/\/www.facebook.com\/qoe.lab.agh"]}]}},"jetpack_sharing_enabled":true,"_links":{"self":[{"href":"https:\/\/qoe.agh.edu.pl\/pl\/wp-json\/wp\/v2\/pages\/665","targetHints":{"allow":["GET"]}}],"collection":[{"href":"https:\/\/qoe.agh.edu.pl\/pl\/wp-json\/wp\/v2\/pages"}],"about":[{"href":"https:\/\/qoe.agh.edu.pl\/pl\/wp-json\/wp\/v2\/types\/page"}],"author":[{"embeddable":true,"href":"https:\/\/qoe.agh.edu.pl\/pl\/wp-json\/wp\/v2\/users\/1"}],"replies":[{"embeddable":true,"href":"https:\/\/qoe.agh.edu.pl\/pl\/wp-json\/wp\/v2\/comments?post=665"}],"version-history":[{"count":14,"href":"https:\/\/qoe.agh.edu.pl\/pl\/wp-json\/wp\/v2\/pages\/665\/revisions"}],"predecessor-version":[{"id":686,"href":"https:\/\/qoe.agh.edu.pl\/pl\/wp-json\/wp\/v2\/pages\/665\/revisions\/686"}],"wp:attachment":[{"href":"https:\/\/qoe.agh.edu.pl\/pl\/wp-json\/wp\/v2\/media?parent=665"}],"curies":[{"name":"wp","href":"https:\/\/api.w.org\/{rel}","templated":true}]}}