{"id":664,"date":"2025-03-11T13:59:12","date_gmt":"2025-03-11T12:59:12","guid":{"rendered":"https:\/\/qoe.agh.edu.pl\/?page_id=664"},"modified":"2025-03-11T15:26:53","modified_gmt":"2025-03-11T14:26:53","slug":"products","status":"publish","type":"page","link":"https:\/\/qoe.agh.edu.pl\/pl\/products\/","title":{"rendered":"Produkty"},"content":{"rendered":"<ul class=\"wp-block-list\">\n\n<\/ul>\n\n\n\n\n\n\n\n\n\n<p>Tworzymy nowoczesne\u00a0<strong>narz\u0119dzia, technologie i algorytmy<\/strong>\u00a0wspieraj\u0105ce popraw\u0119\u00a0<strong>Quality of Experience (QoE)<\/strong>\u00a0w r\u00f3\u017cnych obszarach cyfrowych. Nasze rozwi\u0105zania bazuj\u0105 na zaawansowanych metodach analizy danych, sztucznej inteligencji oraz badaniach u\u017cytkownik\u00f3w, dostarczaj\u0105c\u00a0<strong>innowacyjne i praktyczne aplikacje<\/strong>\u00a0dla przemys\u0142u oraz \u015brodowisk akademickich.<\/p>\n\n\n\n<h3 class=\"wp-block-heading\">Nasze produkty<\/h3>\n\n\n\n<ul class=\"wp-block-list\">\n<li><strong>Systemy oceny QoE<\/strong>\u00a0\u2013 narz\u0119dzia do pomiaru i analizy jako\u015bci do\u015bwiadcze\u0144 u\u017cytkownik\u00f3w w aplikacjach multimedialnych, serwisach internetowych i sieciach komunikacyjnych.<\/li>\n\n\n\n<li><strong>Platformy do testowania i symulacji<\/strong>\u00a0\u2013 \u015brodowiska do eksperyment\u00f3w nad wp\u0142ywem r\u00f3\u017cnych czynnik\u00f3w na jako\u015b\u0107 do\u015bwiadcze\u0144 u\u017cytkownik\u00f3w.<\/li>\n<\/ul>\n\n\n\n<h3 class=\"wp-block-heading\">Wsp\u00f3\u0142praca i wdro\u017cenia<\/h3>\n\n\n\n<p>Nasze produkty znajduj\u0105 zastosowanie w&nbsp;<strong>bran\u017cy IT, telekomunikacji, mediach cyfrowych oraz w systemach inteligentnych<\/strong>. Ch\u0119tnie wsp\u00f3\u0142pracujemy z firmami i instytucjami w zakresie&nbsp;<strong>personalizacji oraz wdro\u017ce\u0144 naszych technologii<\/strong>. Je\u015bli jeste\u015b zainteresowany wykorzystaniem naszych rozwi\u0105za\u0144 \u2013 skontaktuj si\u0119 z nami!<\/p>\n\n\n\n<p>\ud83d\udce9\u00a0Skontaktuj si\u0119 z nami:\u00a0<a>QoE AGH<\/a><\/p>","protected":false},"excerpt":{"rendered":"<p>Tworzymy nowoczesne\u00a0narz\u0119dzia, technologie i algorytmy\u00a0wspieraj\u0105ce popraw\u0119\u00a0Quality of Experience (QoE)\u00a0w r\u00f3\u017cnych obszarach cyfrowych. Nasze rozwi\u0105zania bazuj\u0105 na zaawansowanych metodach analizy danych, sztucznej inteligencji oraz badaniach u\u017cytkownik\u00f3w, dostarczaj\u0105c\u00a0innowacyjne i praktyczne aplikacje\u00a0dla przemys\u0142u oraz \u015brodowisk akademickich. Nasze produkty Wsp\u00f3\u0142praca i wdro\u017cenia Nasze produkty znajduj\u0105 zastosowanie w&nbsp;bran\u017cy IT, telekomunikacji, mediach cyfrowych oraz w systemach inteligentnych. Ch\u0119tnie wsp\u00f3\u0142pracujemy z firmami &hellip; <\/p>\n<p class=\"link-more\"><a href=\"https:\/\/qoe.agh.edu.pl\/pl\/products\/\" class=\"more-link\">Czytaj dalej<span class=\"screen-reader-text\"> \u201eProducts\u201d<\/span><\/a><\/p>","protected":false},"author":1,"featured_media":0,"parent":0,"menu_order":0,"comment_status":"closed","ping_status":"closed","template":"","meta":{"footnotes":""},"class_list":["post-664","page","type-page","status-publish","hentry"],"yoast_head":"<!-- This site is optimized with the Yoast SEO plugin v27.4 - https:\/\/yoast.com\/product\/yoast-seo-wordpress\/ -->\n<title>Products - AGH Video Quality of Experience (QoE) Team<\/title>\n<meta name=\"robots\" content=\"index, follow, max-snippet:-1, max-image-preview:large, max-video-preview:-1\" \/>\n<link rel=\"canonical\" href=\"https:\/\/qoe.agh.edu.pl\/pl\/products\/\" \/>\n<meta property=\"og:locale\" content=\"pl_PL\" \/>\n<meta property=\"og:type\" content=\"article\" \/>\n<meta property=\"og:title\" content=\"Products - AGH Video Quality of Experience (QoE) Team\" \/>\n<meta property=\"og:description\" content=\"Tworzymy nowoczesne\u00a0narz\u0119dzia, technologie i algorytmy\u00a0wspieraj\u0105ce popraw\u0119\u00a0Quality of Experience (QoE)\u00a0w r\u00f3\u017cnych obszarach cyfrowych. Nasze rozwi\u0105zania bazuj\u0105 na zaawansowanych metodach analizy danych, sztucznej inteligencji oraz badaniach u\u017cytkownik\u00f3w, dostarczaj\u0105c\u00a0innowacyjne i praktyczne aplikacje\u00a0dla przemys\u0142u oraz \u015brodowisk akademickich. Nasze produkty Wsp\u00f3\u0142praca i wdro\u017cenia Nasze produkty znajduj\u0105 zastosowanie w&nbsp;bran\u017cy IT, telekomunikacji, mediach cyfrowych oraz w systemach inteligentnych. Ch\u0119tnie wsp\u00f3\u0142pracujemy z firmami &hellip; Czytaj dalej \u201eProducts\u201d\" \/>\n<meta property=\"og:url\" content=\"https:\/\/qoe.agh.edu.pl\/pl\/products\/\" \/>\n<meta property=\"og:site_name\" content=\"AGH Video Quality of Experience (QoE) Team\" \/>\n<meta property=\"article:publisher\" content=\"https:\/\/www.facebook.com\/qoe.lab.agh\" \/>\n<meta property=\"article:modified_time\" content=\"2025-03-11T14:26:53+00:00\" \/>\n<meta name=\"twitter:card\" content=\"summary_large_image\" \/>\n<meta name=\"twitter:label1\" content=\"Szacowany czas czytania\" \/>\n\t<meta name=\"twitter:data1\" content=\"1 minuta\" \/>\n<script type=\"application\/ld+json\" class=\"yoast-schema-graph\">{\"@context\":\"https:\\\/\\\/schema.org\",\"@graph\":[{\"@type\":\"WebPage\",\"@id\":\"https:\\\/\\\/qoe.agh.edu.pl\\\/products\\\/\",\"url\":\"https:\\\/\\\/qoe.agh.edu.pl\\\/products\\\/\",\"name\":\"Products - AGH Video Quality of Experience (QoE) Team\",\"isPartOf\":{\"@id\":\"https:\\\/\\\/qoe.agh.edu.pl\\\/#website\"},\"datePublished\":\"2025-03-11T12:59:12+00:00\",\"dateModified\":\"2025-03-11T14:26:53+00:00\",\"breadcrumb\":{\"@id\":\"https:\\\/\\\/qoe.agh.edu.pl\\\/products\\\/#breadcrumb\"},\"inLanguage\":\"pl-PL\",\"potentialAction\":[{\"@type\":\"ReadAction\",\"target\":[\"https:\\\/\\\/qoe.agh.edu.pl\\\/products\\\/\"]}]},{\"@type\":\"BreadcrumbList\",\"@id\":\"https:\\\/\\\/qoe.agh.edu.pl\\\/products\\\/#breadcrumb\",\"itemListElement\":[{\"@type\":\"ListItem\",\"position\":1,\"name\":\"Home\",\"item\":\"https:\\\/\\\/qoe.agh.edu.pl\\\/\"},{\"@type\":\"ListItem\",\"position\":2,\"name\":\"Products\"}]},{\"@type\":\"WebSite\",\"@id\":\"https:\\\/\\\/qoe.agh.edu.pl\\\/#website\",\"url\":\"https:\\\/\\\/qoe.agh.edu.pl\\\/\",\"name\":\"AGH Video Quality of Experience (QoE) Team\",\"description\":\"\",\"publisher\":{\"@id\":\"https:\\\/\\\/qoe.agh.edu.pl\\\/#organization\"},\"potentialAction\":[{\"@type\":\"SearchAction\",\"target\":{\"@type\":\"EntryPoint\",\"urlTemplate\":\"https:\\\/\\\/qoe.agh.edu.pl\\\/?s={search_term_string}\"},\"query-input\":{\"@type\":\"PropertyValueSpecification\",\"valueRequired\":true,\"valueName\":\"search_term_string\"}}],\"inLanguage\":\"pl-PL\"},{\"@type\":\"Organization\",\"@id\":\"https:\\\/\\\/qoe.agh.edu.pl\\\/#organization\",\"name\":\"AGH Video Quality of Experience (QoE) Team\",\"url\":\"https:\\\/\\\/qoe.agh.edu.pl\\\/\",\"logo\":{\"@type\":\"ImageObject\",\"inLanguage\":\"pl-PL\",\"@id\":\"https:\\\/\\\/qoe.agh.edu.pl\\\/#\\\/schema\\\/logo\\\/image\\\/\",\"url\":\"https:\\\/\\\/i0.wp.com\\\/qoe.agh.edu.pl\\\/wp-content\\\/uploads\\\/2021\\\/05\\\/cropped-logoqoe_crop_square-1.png?fit=250%2C250&ssl=1\",\"contentUrl\":\"https:\\\/\\\/i0.wp.com\\\/qoe.agh.edu.pl\\\/wp-content\\\/uploads\\\/2021\\\/05\\\/cropped-logoqoe_crop_square-1.png?fit=250%2C250&ssl=1\",\"width\":250,\"height\":250,\"caption\":\"AGH Video Quality of Experience (QoE) Team\"},\"image\":{\"@id\":\"https:\\\/\\\/qoe.agh.edu.pl\\\/#\\\/schema\\\/logo\\\/image\\\/\"},\"sameAs\":[\"https:\\\/\\\/www.facebook.com\\\/qoe.lab.agh\"]}]}<\/script>\n<!-- \/ Yoast SEO plugin. -->","yoast_head_json":{"title":"Products - AGH Video Quality of Experience (QoE) Team","robots":{"index":"index","follow":"follow","max-snippet":"max-snippet:-1","max-image-preview":"max-image-preview:large","max-video-preview":"max-video-preview:-1"},"canonical":"https:\/\/qoe.agh.edu.pl\/pl\/products\/","og_locale":"pl_PL","og_type":"article","og_title":"Products - AGH Video Quality of Experience (QoE) Team","og_description":"Tworzymy nowoczesne\u00a0narz\u0119dzia, technologie i algorytmy\u00a0wspieraj\u0105ce popraw\u0119\u00a0Quality of Experience (QoE)\u00a0w r\u00f3\u017cnych obszarach cyfrowych. Nasze rozwi\u0105zania bazuj\u0105 na zaawansowanych metodach analizy danych, sztucznej inteligencji oraz badaniach u\u017cytkownik\u00f3w, dostarczaj\u0105c\u00a0innowacyjne i praktyczne aplikacje\u00a0dla przemys\u0142u oraz \u015brodowisk akademickich. Nasze produkty Wsp\u00f3\u0142praca i wdro\u017cenia Nasze produkty znajduj\u0105 zastosowanie w&nbsp;bran\u017cy IT, telekomunikacji, mediach cyfrowych oraz w systemach inteligentnych. Ch\u0119tnie wsp\u00f3\u0142pracujemy z firmami &hellip; Czytaj dalej \u201eProducts\u201d","og_url":"https:\/\/qoe.agh.edu.pl\/pl\/products\/","og_site_name":"AGH Video Quality of Experience (QoE) Team","article_publisher":"https:\/\/www.facebook.com\/qoe.lab.agh","article_modified_time":"2025-03-11T14:26:53+00:00","twitter_card":"summary_large_image","twitter_misc":{"Szacowany czas czytania":"1 minuta"},"schema":{"@context":"https:\/\/schema.org","@graph":[{"@type":"WebPage","@id":"https:\/\/qoe.agh.edu.pl\/products\/","url":"https:\/\/qoe.agh.edu.pl\/products\/","name":"Products - AGH Video Quality of Experience (QoE) Team","isPartOf":{"@id":"https:\/\/qoe.agh.edu.pl\/#website"},"datePublished":"2025-03-11T12:59:12+00:00","dateModified":"2025-03-11T14:26:53+00:00","breadcrumb":{"@id":"https:\/\/qoe.agh.edu.pl\/products\/#breadcrumb"},"inLanguage":"pl-PL","potentialAction":[{"@type":"ReadAction","target":["https:\/\/qoe.agh.edu.pl\/products\/"]}]},{"@type":"BreadcrumbList","@id":"https:\/\/qoe.agh.edu.pl\/products\/#breadcrumb","itemListElement":[{"@type":"ListItem","position":1,"name":"Home","item":"https:\/\/qoe.agh.edu.pl\/"},{"@type":"ListItem","position":2,"name":"Products"}]},{"@type":"WebSite","@id":"https:\/\/qoe.agh.edu.pl\/#website","url":"https:\/\/qoe.agh.edu.pl\/","name":"Zesp\u00f3\u0142 AGH Video Quality of Experience (QoE)","description":"","publisher":{"@id":"https:\/\/qoe.agh.edu.pl\/#organization"},"potentialAction":[{"@type":"SearchAction","target":{"@type":"EntryPoint","urlTemplate":"https:\/\/qoe.agh.edu.pl\/?s={search_term_string}"},"query-input":{"@type":"PropertyValueSpecification","valueRequired":true,"valueName":"search_term_string"}}],"inLanguage":"pl-PL"},{"@type":"Organization","@id":"https:\/\/qoe.agh.edu.pl\/#organization","name":"Zesp\u00f3\u0142 AGH Video Quality of Experience (QoE)","url":"https:\/\/qoe.agh.edu.pl\/","logo":{"@type":"ImageObject","inLanguage":"pl-PL","@id":"https:\/\/qoe.agh.edu.pl\/#\/schema\/logo\/image\/","url":"https:\/\/i0.wp.com\/qoe.agh.edu.pl\/wp-content\/uploads\/2021\/05\/cropped-logoqoe_crop_square-1.png?fit=250%2C250&ssl=1","contentUrl":"https:\/\/i0.wp.com\/qoe.agh.edu.pl\/wp-content\/uploads\/2021\/05\/cropped-logoqoe_crop_square-1.png?fit=250%2C250&ssl=1","width":250,"height":250,"caption":"AGH Video Quality of Experience (QoE) Team"},"image":{"@id":"https:\/\/qoe.agh.edu.pl\/#\/schema\/logo\/image\/"},"sameAs":["https:\/\/www.facebook.com\/qoe.lab.agh"]}]}},"jetpack_sharing_enabled":true,"_links":{"self":[{"href":"https:\/\/qoe.agh.edu.pl\/pl\/wp-json\/wp\/v2\/pages\/664","targetHints":{"allow":["GET"]}}],"collection":[{"href":"https:\/\/qoe.agh.edu.pl\/pl\/wp-json\/wp\/v2\/pages"}],"about":[{"href":"https:\/\/qoe.agh.edu.pl\/pl\/wp-json\/wp\/v2\/types\/page"}],"author":[{"embeddable":true,"href":"https:\/\/qoe.agh.edu.pl\/pl\/wp-json\/wp\/v2\/users\/1"}],"replies":[{"embeddable":true,"href":"https:\/\/qoe.agh.edu.pl\/pl\/wp-json\/wp\/v2\/comments?post=664"}],"version-history":[{"count":4,"href":"https:\/\/qoe.agh.edu.pl\/pl\/wp-json\/wp\/v2\/pages\/664\/revisions"}],"predecessor-version":[{"id":690,"href":"https:\/\/qoe.agh.edu.pl\/pl\/wp-json\/wp\/v2\/pages\/664\/revisions\/690"}],"wp:attachment":[{"href":"https:\/\/qoe.agh.edu.pl\/pl\/wp-json\/wp\/v2\/media?parent=664"}],"curies":[{"name":"wp","href":"https:\/\/api.w.org\/{rel}","templated":true}]}}