{"id":642,"date":"2023-01-19T01:52:27","date_gmt":"2023-01-19T00:52:27","guid":{"rendered":"https:\/\/qoe.agh.edu.pl\/?page_id=642"},"modified":"2025-10-29T00:11:55","modified_gmt":"2025-10-28T23:11:55","slug":"user-generated-content-database","status":"publish","type":"page","link":"https:\/\/qoe.agh.edu.pl\/pl\/user-generated-content-database\/","title":{"rendered":"Baza danych UGC"},"content":{"rendered":"<p>Baza danych tre\u015bci generowanych przez u\u017cytkownik\u00f3w (UGC) sk\u0142ada si\u0119 z plik\u00f3w wideo i pliku danych.<\/p>\n\n\n\n<p>Ten <a href=\"https:\/\/arete.tele.agh.edu.pl\/ugc\/\" target=\"_blank\" rel=\"noreferrer noopener\">folder danych wideo<\/a> zosta\u0142 zbudowany przy u\u017cyciu film\u00f3w z r\u00f3\u017cnych kana\u0142\u00f3w informacyjnych i tre\u015bci tworzonych przez u\u017cytkownik\u00f3w znalezionych w serwisie YouTube. Filmy z kana\u0142\u00f3w informacyjnych pochodz\u0105 z Euronews, France24, RT, Saudi TV i BBC TV. Ka\u017cdy film zosta\u0142 podzielony na poszczeg\u00f3lne sceny, tworz\u0105c baz\u0119 danych zawieraj\u0105c\u0105 12067 film\u00f3w, z czego 3535 zosta\u0142o wygenerowanych przez u\u017cytkownik\u00f3w. U\u017cyto tre\u015bci w r\u00f3\u017cnych rozdzielczo\u015bciach: 144p, 360p, 480p, 720p, 1080p.<\/p>\n\n\n\n<p>Ten <a href=\"https:\/\/raw.githubusercontent.com\/koboskom\/TANGO\/main\/database\/database_with_titles.csv\" target=\"_blank\" rel=\"noreferrer noopener\">plik danych<\/a> zawiera tabel\u0119 w formacie CSV. Pierwsza kolumna zawiera pasuj\u0105ce nazwy plik\u00f3w wideo w folderze bazy danych. W kilku przypadkach nazwy mog\u0105 si\u0119 nieco r\u00f3\u017cni\u0107 ze wzgl\u0119du na formatowanie. Pozosta\u0142e kolumny wskazuj\u0105 \u015brednie wska\u017aniki wideo dla ka\u017cdego uj\u0119cia.<\/p>","protected":false},"excerpt":{"rendered":"<p>The User-Generated Content (UGC) database consists of video files and a data file. This video data folder was constructed using videos from various news channels and user-generated content found on YouTube. The videos from the news channels originate from Euronews, France24, RT, Saudi TV, and BBC TV. Each video was broken down into individual scenes &hellip; <\/p>\n<p class=\"link-more\"><a href=\"https:\/\/qoe.agh.edu.pl\/pl\/user-generated-content-database\/\" class=\"more-link\">Czytaj dalej<span class=\"screen-reader-text\"> \u201eUGC Database\u201d<\/span><\/a><\/p>","protected":false},"author":1,"featured_media":0,"parent":0,"menu_order":0,"comment_status":"closed","ping_status":"closed","template":"","meta":{"footnotes":""},"class_list":["post-642","page","type-page","status-publish","hentry"],"yoast_head":"<!-- This site is optimized with the Yoast SEO plugin v27.4 - https:\/\/yoast.com\/product\/yoast-seo-wordpress\/ -->\n<title>UGC Database - AGH Video Quality of Experience (QoE) Team<\/title>\n<meta name=\"robots\" content=\"index, follow, max-snippet:-1, max-image-preview:large, max-video-preview:-1\" \/>\n<link rel=\"canonical\" href=\"https:\/\/qoe.agh.edu.pl\/pl\/user-generated-content-database\/\" \/>\n<meta property=\"og:locale\" content=\"pl_PL\" \/>\n<meta property=\"og:type\" content=\"article\" \/>\n<meta property=\"og:title\" content=\"UGC Database - AGH Video Quality of Experience (QoE) Team\" \/>\n<meta property=\"og:description\" content=\"The User-Generated Content (UGC) database consists of video files and a data file. This video data folder was constructed using videos from various news channels and user-generated content found on YouTube. The videos from the news channels originate from Euronews, France24, RT, Saudi TV, and BBC TV. Each video was broken down into individual scenes &hellip; Czytaj dalej \u201eUGC Database\u201d\" \/>\n<meta property=\"og:url\" content=\"https:\/\/qoe.agh.edu.pl\/pl\/user-generated-content-database\/\" \/>\n<meta property=\"og:site_name\" content=\"AGH Video Quality of Experience (QoE) Team\" \/>\n<meta property=\"article:publisher\" content=\"https:\/\/www.facebook.com\/qoe.lab.agh\" \/>\n<meta property=\"article:modified_time\" content=\"2025-10-28T23:11:55+00:00\" \/>\n<meta name=\"twitter:card\" content=\"summary_large_image\" \/>\n<meta name=\"twitter:label1\" content=\"Szacowany czas czytania\" \/>\n\t<meta name=\"twitter:data1\" content=\"1 minuta\" \/>\n<script type=\"application\/ld+json\" class=\"yoast-schema-graph\">{\"@context\":\"https:\\\/\\\/schema.org\",\"@graph\":[{\"@type\":\"WebPage\",\"@id\":\"https:\\\/\\\/qoe.agh.edu.pl\\\/user-generated-content-database\\\/\",\"url\":\"https:\\\/\\\/qoe.agh.edu.pl\\\/user-generated-content-database\\\/\",\"name\":\"UGC Database - AGH Video Quality of Experience (QoE) Team\",\"isPartOf\":{\"@id\":\"https:\\\/\\\/qoe.agh.edu.pl\\\/#website\"},\"datePublished\":\"2023-01-19T00:52:27+00:00\",\"dateModified\":\"2025-10-28T23:11:55+00:00\",\"breadcrumb\":{\"@id\":\"https:\\\/\\\/qoe.agh.edu.pl\\\/user-generated-content-database\\\/#breadcrumb\"},\"inLanguage\":\"pl-PL\",\"potentialAction\":[{\"@type\":\"ReadAction\",\"target\":[\"https:\\\/\\\/qoe.agh.edu.pl\\\/user-generated-content-database\\\/\"]}]},{\"@type\":\"BreadcrumbList\",\"@id\":\"https:\\\/\\\/qoe.agh.edu.pl\\\/user-generated-content-database\\\/#breadcrumb\",\"itemListElement\":[{\"@type\":\"ListItem\",\"position\":1,\"name\":\"Home\",\"item\":\"https:\\\/\\\/qoe.agh.edu.pl\\\/\"},{\"@type\":\"ListItem\",\"position\":2,\"name\":\"UGC Database\"}]},{\"@type\":\"WebSite\",\"@id\":\"https:\\\/\\\/qoe.agh.edu.pl\\\/#website\",\"url\":\"https:\\\/\\\/qoe.agh.edu.pl\\\/\",\"name\":\"AGH Video Quality of Experience (QoE) Team\",\"description\":\"\",\"publisher\":{\"@id\":\"https:\\\/\\\/qoe.agh.edu.pl\\\/#organization\"},\"potentialAction\":[{\"@type\":\"SearchAction\",\"target\":{\"@type\":\"EntryPoint\",\"urlTemplate\":\"https:\\\/\\\/qoe.agh.edu.pl\\\/?s={search_term_string}\"},\"query-input\":{\"@type\":\"PropertyValueSpecification\",\"valueRequired\":true,\"valueName\":\"search_term_string\"}}],\"inLanguage\":\"pl-PL\"},{\"@type\":\"Organization\",\"@id\":\"https:\\\/\\\/qoe.agh.edu.pl\\\/#organization\",\"name\":\"AGH Video Quality of Experience (QoE) Team\",\"url\":\"https:\\\/\\\/qoe.agh.edu.pl\\\/\",\"logo\":{\"@type\":\"ImageObject\",\"inLanguage\":\"pl-PL\",\"@id\":\"https:\\\/\\\/qoe.agh.edu.pl\\\/#\\\/schema\\\/logo\\\/image\\\/\",\"url\":\"https:\\\/\\\/i0.wp.com\\\/qoe.agh.edu.pl\\\/wp-content\\\/uploads\\\/2021\\\/05\\\/cropped-logoqoe_crop_square-1.png?fit=250%2C250&ssl=1\",\"contentUrl\":\"https:\\\/\\\/i0.wp.com\\\/qoe.agh.edu.pl\\\/wp-content\\\/uploads\\\/2021\\\/05\\\/cropped-logoqoe_crop_square-1.png?fit=250%2C250&ssl=1\",\"width\":250,\"height\":250,\"caption\":\"AGH Video Quality of Experience (QoE) Team\"},\"image\":{\"@id\":\"https:\\\/\\\/qoe.agh.edu.pl\\\/#\\\/schema\\\/logo\\\/image\\\/\"},\"sameAs\":[\"https:\\\/\\\/www.facebook.com\\\/qoe.lab.agh\"]}]}<\/script>\n<!-- \/ Yoast SEO plugin. -->","yoast_head_json":{"title":"UGC Database - AGH Video Quality of Experience (QoE) Team","robots":{"index":"index","follow":"follow","max-snippet":"max-snippet:-1","max-image-preview":"max-image-preview:large","max-video-preview":"max-video-preview:-1"},"canonical":"https:\/\/qoe.agh.edu.pl\/pl\/user-generated-content-database\/","og_locale":"pl_PL","og_type":"article","og_title":"UGC Database - AGH Video Quality of Experience (QoE) Team","og_description":"The User-Generated Content (UGC) database consists of video files and a data file. This video data folder was constructed using videos from various news channels and user-generated content found on YouTube. The videos from the news channels originate from Euronews, France24, RT, Saudi TV, and BBC TV. Each video was broken down into individual scenes &hellip; Czytaj dalej \u201eUGC Database\u201d","og_url":"https:\/\/qoe.agh.edu.pl\/pl\/user-generated-content-database\/","og_site_name":"AGH Video Quality of Experience (QoE) Team","article_publisher":"https:\/\/www.facebook.com\/qoe.lab.agh","article_modified_time":"2025-10-28T23:11:55+00:00","twitter_card":"summary_large_image","twitter_misc":{"Szacowany czas czytania":"1 minuta"},"schema":{"@context":"https:\/\/schema.org","@graph":[{"@type":"WebPage","@id":"https:\/\/qoe.agh.edu.pl\/user-generated-content-database\/","url":"https:\/\/qoe.agh.edu.pl\/user-generated-content-database\/","name":"UGC Database - AGH Video Quality of Experience (QoE) Team","isPartOf":{"@id":"https:\/\/qoe.agh.edu.pl\/#website"},"datePublished":"2023-01-19T00:52:27+00:00","dateModified":"2025-10-28T23:11:55+00:00","breadcrumb":{"@id":"https:\/\/qoe.agh.edu.pl\/user-generated-content-database\/#breadcrumb"},"inLanguage":"pl-PL","potentialAction":[{"@type":"ReadAction","target":["https:\/\/qoe.agh.edu.pl\/user-generated-content-database\/"]}]},{"@type":"BreadcrumbList","@id":"https:\/\/qoe.agh.edu.pl\/user-generated-content-database\/#breadcrumb","itemListElement":[{"@type":"ListItem","position":1,"name":"Home","item":"https:\/\/qoe.agh.edu.pl\/"},{"@type":"ListItem","position":2,"name":"UGC Database"}]},{"@type":"WebSite","@id":"https:\/\/qoe.agh.edu.pl\/#website","url":"https:\/\/qoe.agh.edu.pl\/","name":"Zesp\u00f3\u0142 AGH Video Quality of Experience (QoE)","description":"","publisher":{"@id":"https:\/\/qoe.agh.edu.pl\/#organization"},"potentialAction":[{"@type":"SearchAction","target":{"@type":"EntryPoint","urlTemplate":"https:\/\/qoe.agh.edu.pl\/?s={search_term_string}"},"query-input":{"@type":"PropertyValueSpecification","valueRequired":true,"valueName":"search_term_string"}}],"inLanguage":"pl-PL"},{"@type":"Organization","@id":"https:\/\/qoe.agh.edu.pl\/#organization","name":"Zesp\u00f3\u0142 AGH Video Quality of Experience (QoE)","url":"https:\/\/qoe.agh.edu.pl\/","logo":{"@type":"ImageObject","inLanguage":"pl-PL","@id":"https:\/\/qoe.agh.edu.pl\/#\/schema\/logo\/image\/","url":"https:\/\/i0.wp.com\/qoe.agh.edu.pl\/wp-content\/uploads\/2021\/05\/cropped-logoqoe_crop_square-1.png?fit=250%2C250&ssl=1","contentUrl":"https:\/\/i0.wp.com\/qoe.agh.edu.pl\/wp-content\/uploads\/2021\/05\/cropped-logoqoe_crop_square-1.png?fit=250%2C250&ssl=1","width":250,"height":250,"caption":"AGH Video Quality of Experience (QoE) Team"},"image":{"@id":"https:\/\/qoe.agh.edu.pl\/#\/schema\/logo\/image\/"},"sameAs":["https:\/\/www.facebook.com\/qoe.lab.agh"]}]}},"jetpack_sharing_enabled":true,"_links":{"self":[{"href":"https:\/\/qoe.agh.edu.pl\/pl\/wp-json\/wp\/v2\/pages\/642","targetHints":{"allow":["GET"]}}],"collection":[{"href":"https:\/\/qoe.agh.edu.pl\/pl\/wp-json\/wp\/v2\/pages"}],"about":[{"href":"https:\/\/qoe.agh.edu.pl\/pl\/wp-json\/wp\/v2\/types\/page"}],"author":[{"embeddable":true,"href":"https:\/\/qoe.agh.edu.pl\/pl\/wp-json\/wp\/v2\/users\/1"}],"replies":[{"embeddable":true,"href":"https:\/\/qoe.agh.edu.pl\/pl\/wp-json\/wp\/v2\/comments?post=642"}],"version-history":[{"count":6,"href":"https:\/\/qoe.agh.edu.pl\/pl\/wp-json\/wp\/v2\/pages\/642\/revisions"}],"predecessor-version":[{"id":794,"href":"https:\/\/qoe.agh.edu.pl\/pl\/wp-json\/wp\/v2\/pages\/642\/revisions\/794"}],"wp:attachment":[{"href":"https:\/\/qoe.agh.edu.pl\/pl\/wp-json\/wp\/v2\/media?parent=642"}],"curies":[{"name":"wp","href":"https:\/\/api.w.org\/{rel}","templated":true}]}}