{"id":457,"date":"2021-03-21T19:57:54","date_gmt":"2021-03-21T18:57:54","guid":{"rendered":"https:\/\/qoe.agh.edu.pl\/?page_id=457"},"modified":"2025-03-11T17:07:06","modified_gmt":"2025-03-11T16:07:06","slug":"tufiqoe","status":"publish","type":"page","link":"https:\/\/qoe.agh.edu.pl\/pl\/tufiqoe\/","title":{"rendered":"Czynniki wp\u0142ywaj\u0105ce na jako\u015b\u0107 postrzegan\u0105 przez u\u017cytkownik\u00f3w us\u0142ug video. Badania z wykorzystaniem trafnych ekologicznie standard\u00f3w oceny (TUFIQoE)"},"content":{"rendered":"<h3 class=\"wp-block-heading\">\u0179r\u00f3d\u0142o(a) finansowanie (Nazwa wo\u0142ania, Number)<\/h3>\n\n\n\n<p>Narodowe Centrum Nauki (GRIEG, 2019\/34\/H\/ST6\/00599)<\/p>\n\n\n\n\n\n<h3 class=\"wp-block-heading\">Wielko\u015b\u0107 finansowania<\/h3>\n\n\n\n<p>4 253 150 PLN<\/p>\n\n\n\n\n\n<h3 class=\"wp-block-heading\">Rok rozpocz\u0119cia-zako\u0144czenia<\/h3>\n\n\n\n<p>2020-2024<\/p>\n\n\n\n<div class=\"wp-block-columns is-layout-flex wp-container-core-columns-is-layout-9d6595d7 wp-block-columns-is-layout-flex\">\n<div class=\"wp-block-column is-layout-flow wp-block-column-is-layout-flow\" style=\"flex-basis:66.66%\">\n\n\n\n\n\n\n\n\n<p>Projekt \u201eCzynniki wp\u0142ywaj\u0105ce na jako\u015b\u0107 postrzegan\u0105 przez u\u017cytkownik\u00f3w us\u0142ug video. Badania z wykorzystaniem trafnych ekologicznie standard\u00f3w oceny\u201d mia\u0142 na celu lepsze zrozumienie, jakie czynniki odgrywaj\u0105 rol\u0119 podczas korzystania z us\u0142ug wideo: dlaczego niekt\u00f3re do\u015bwiadczenia by\u0142y pozytywne, a inne negatywne? Dlaczego jako\u015b\u0107 by\u0142a czasami oceniana jako \u201ebardzo z\u0142a\u201d, a w innych przypadkach jako bardzo dobra? Jakie czynniki mia\u0142y na to wp\u0142yw i w jaki spos\u00f3b ze sob\u0105 wsp\u00f3\u0142dzia\u0142a\u0142y? Jak u\u017cytkownicy do\u015bwiadczali jako\u015bci us\u0142ug wideo?<\/p>\n\n\n\n<p>Wszyscy korzystali\u015bmy z us\u0142ug wideo, kt\u00f3re by\u0142y nieustannie rozwijane. Film z lat 80. czy 90. odtwarzany na dzisiejszym kanale telewizyjnym wygl\u0105da\u0142 znacznie gorzej ni\u017c reklama emitowana w przerwie, nawet je\u015bli film przeszed\u0142 proces poprawy jako\u015bci. Wiele r\u00f3\u017cnych ewolucji i rewolucji nap\u0119dza\u0142o ten rozw\u00f3j, a jednym z kluczowych post\u0119p\u00f3w technologicznych by\u0142y lepsze algorytmy kompresji.<\/p>\n\n\n\n<p>Badania nad jako\u015bci\u0105 wideo mia\u0142y d\u0142ug\u0105 histori\u0119, a ich g\u0142\u00f3wnym celem by\u0142a poprawa jako\u015bci pikseli. By\u0142o to rozs\u0105dne podej\u015bcie, poniewa\u017c jako\u015b\u0107 pikseli mia\u0142a podstawowy wp\u0142yw na nasz\u0105 opini\u0119 o jako\u015bci us\u0142ugi. Jednak nie by\u0142 to jedyny pow\u00f3d, dla kt\u00f3rego korzystali\u015bmy z danej us\u0142ugi. Nie skupiali\u015bmy si\u0119 wy\u0142\u0105cznie na jako\u015bci pikseli i tre\u015bci. Inne czynniki sprawia\u0142y, \u017ce narzekali\u015bmy na jako\u015b\u0107 niemal idealnego filmu ogl\u0105danego w kinie domowym, zaprojektowanym do wy\u015bwietlania najwy\u017cszej jako\u015bci obrazu, lub ignorowali\u015bmy problemy z jako\u015bci\u0105, gdy na wakacjach, przy s\u0142abym dost\u0119pie do internetu, ogl\u0105dali\u015bmy mecz naszej ulubionej dru\u017cyny.<\/p>\n<\/div>\n\n\n\n<div class=\"wp-block-column is-layout-flow wp-block-column-is-layout-flow\" style=\"flex-basis:33.33%\">\n<figure class=\"wp-block-image size-large\"><a href=\"http:\/\/www.norwaygrants.org\"><img data-recalc-dims=\"1\" loading=\"lazy\" decoding=\"async\" width=\"525\" height=\"502\" data-attachment-id=\"434\" data-permalink=\"https:\/\/qoe.agh.edu.pl\/pl\/2020\/10\/01\/towards-better-understanding-of-factors-influencing-the-qoe-by-more-ecologically-valid-evaluation-standards\/norway_grants\/\" data-orig-file=\"https:\/\/i0.wp.com\/qoe.agh.edu.pl\/wp-content\/uploads\/2021\/03\/Norway_grants.png?fit=1793%2C1716&amp;ssl=1\" data-orig-size=\"1793,1716\" data-comments-opened=\"1\" data-image-meta=\"{&quot;aperture&quot;:&quot;0&quot;,&quot;credit&quot;:&quot;&quot;,&quot;camera&quot;:&quot;&quot;,&quot;caption&quot;:&quot;&quot;,&quot;created_timestamp&quot;:&quot;0&quot;,&quot;copyright&quot;:&quot;&quot;,&quot;focal_length&quot;:&quot;0&quot;,&quot;iso&quot;:&quot;0&quot;,&quot;shutter_speed&quot;:&quot;0&quot;,&quot;title&quot;:&quot;&quot;,&quot;orientation&quot;:&quot;0&quot;}\" data-image-title=\"Norway_grants\" data-image-description=\"\" data-image-caption=\"\" data-large-file=\"https:\/\/i0.wp.com\/qoe.agh.edu.pl\/wp-content\/uploads\/2021\/03\/Norway_grants.png?fit=525%2C502&amp;ssl=1\" src=\"https:\/\/i0.wp.com\/qoe.agh.edu.pl\/wp-content\/uploads\/2021\/03\/Norway_grants.png?resize=525%2C502\" alt=\"\" class=\"wp-image-434\" srcset=\"https:\/\/i0.wp.com\/qoe.agh.edu.pl\/wp-content\/uploads\/2021\/03\/Norway_grants.png?resize=1024%2C980&amp;ssl=1 1024w, https:\/\/i0.wp.com\/qoe.agh.edu.pl\/wp-content\/uploads\/2021\/03\/Norway_grants.png?resize=300%2C287&amp;ssl=1 300w, https:\/\/i0.wp.com\/qoe.agh.edu.pl\/wp-content\/uploads\/2021\/03\/Norway_grants.png?resize=768%2C735&amp;ssl=1 768w, https:\/\/i0.wp.com\/qoe.agh.edu.pl\/wp-content\/uploads\/2021\/03\/Norway_grants.png?resize=1536%2C1470&amp;ssl=1 1536w, https:\/\/i0.wp.com\/qoe.agh.edu.pl\/wp-content\/uploads\/2021\/03\/Norway_grants.png?resize=13%2C12&amp;ssl=1 13w, https:\/\/i0.wp.com\/qoe.agh.edu.pl\/wp-content\/uploads\/2021\/03\/Norway_grants.png?w=1793&amp;ssl=1 1793w\" sizes=\"auto, (max-width: 767px) 89vw, (max-width: 1000px) 54vw, (max-width: 1071px) 543px, 580px\" \/><\/a><figcaption class=\"wp-element-caption\">Projekt: \u201eCzynniki wp\u0142ywaj\u0105ce na jako\u015b\u0107 postrzegan\u0105 przez u\u017cytkownik\u00f3w us\u0142ug video. Badania z wykorzystaniem trafnych ekologicznie standard\u00f3w oceny\u201d; akronim TUFIQoE numer rejestracyjny 2019\/34\/H\/ST6\/00599 uzyska\u0142 dofinansowanie w ramach polsko-norweskich konkursowych projekt\u00f3w badawczych GRIEG finansowanych z Norweskiego Mechanizmu Finansowego na lata 2014-2021<\/figcaption><\/figure>\n\n\n\n\n\n<h2 class=\"wp-block-heading\">Kontakt<\/h2>\n\n\n\n<ul class=\"wp-block-list\">\n<li>AGH: dr hab. in\u017c. Lucjan Janowski, <a href=\"mailto:ljanowsk@agh.edu.pl\">ljanowsk@agh.edu.pl<\/a><\/li>\n\n\n\n<li>NTNU: prof. dr Katrien De Moor, <a href=\"mailto:katriend@ntnu.no\">katriend@ntnu.no<\/a><\/li>\n<\/ul>\n<\/div>\n<\/div>\n\n\n\n\n\n\n\n\n\n\n\n\n\n\n\n<p>Spos\u00f3b, w jaki otrzymywali\u015bmy informacje od u\u017cytkownik\u00f3w, by\u0142 \u015bci\u015ble zwi\u0105zany z jako\u015bci\u0105 pikseli i nie uwzgl\u0119dnia\u0142 innych czynnik\u00f3w \u2013 nawet je\u015bli wyra\u017anie prosili\u015bmy ludzi o ich ignorowanie! Standardowy eksperyment subiektywny polega\u0142 na pokazywaniu kr\u00f3tkich sekwencji wideo, cz\u0119sto powtarzaj\u0105cych si\u0119. Celem tych bada\u0144 by\u0142a zmiana tego podej\u015bcia. Uwzgl\u0119dnili\u015bmy takie czynniki jak zainteresowanie tre\u015bci\u0105, prowadz\u0105c eksperymenty, w kt\u00f3rych u\u017cytkownicy sami wybierali ogl\u0105dane materia\u0142y. Kolejnym istotnym wymiarem by\u0142a relacja u\u017cytkownika do tw\u00f3rcy tre\u015bci \u2013 dlatego przeprowadzili\u015bmy badania nad wp\u0142ywem tej relacji. Sprawdzali\u015bmy, jak r\u00f3\u017cnie oceniana by\u0142a jako\u015b\u0107, je\u015bli wideo pochodzi\u0142o od cz\u0142onka rodziny lub od nieznajomego. Przeprowadzili\u015bmy r\u00f3wnie\u017c eksperymenty w miejscach, w kt\u00f3rych u\u017cytkownicy korzystali z us\u0142ug, badaj\u0105c ich do\u015bwiadczenia na w\u0142asnych telefonach kom\u00f3rkowych, aby jak najbardziej zbli\u017cy\u0107 si\u0119 do naturalnych warunk\u00f3w ogl\u0105dania.<\/p>\n\n\n\n<p>Proponowany eksperyment by\u0142 nowatorski, a w ramach projektu opracowali\u015bmy dok\u0142adny opis metody, aby inne laboratoria mog\u0142y powt\u00f3rzy\u0107 ten sam lub podobny eksperyment. W\u0142\u0105czenie do tego procesu dw\u00f3ch laboratori\u00f3w mia\u0142o kluczowe znaczenie, poniewa\u017c por\u00f3wnanie wynik\u00f3w pozwoli\u0142o wykry\u0107 ewentualne problemy z opisem procedury lub samym eksperymentem.<\/p>\n\n\n\n<p>W ramach projektu opisali\u015bmy siedem r\u00f3\u017cnych eksperyment\u00f3w, kt\u00f3rych analiza pozwoli\u0142a nam opracowa\u0107 model kluczowych czynnik\u00f3w wp\u0142ywaj\u0105cych na QoE. Nast\u0119pnie skupili\u015bmy si\u0119 na \u201etestowaniu granic\u201d tego modelu poprzez nowe eksperymenty subiektywne. Na przyk\u0142ad, je\u015bli model przewidywa\u0142, \u017ce zainteresowanie tre\u015bci\u0105 ma kluczowy wp\u0142yw, zaplanowali\u015bmy eksperyment, w kt\u00f3rym u\u017cytkownicy wybierali tre\u015bci przed badaniem. Analiza wynik\u00f3w dla sekwencji o r\u00f3\u017cnym poziomie zaanga\u017cowania u\u017cytkownika pozwoli\u0142a na potwierdzenie lub odrzucenie hipotezy dotycz\u0105cej wp\u0142ywu zaanga\u017cowania w tre\u015b\u0107. Dane z ko\u0144cowych eksperyment\u00f3w pos\u0142u\u017cy\u0142y do ostatecznego dopracowania modelu, kt\u00f3ry stanowi\u0142 g\u0142\u00f3wny rezultat projektu.<\/p>\n\n\n\n<p>R\u00f3wnolegle prowadzili\u015bmy badania d\u0142ugoterminowe, anga\u017cuj\u0105c u\u017cytkownik\u00f3w na ponad dwa lata. Na podstawie tych obserwacji okre\u015blili\u015bmy, kt\u00f3re czynniki by\u0142y najwa\u017cniejsze w d\u0142u\u017cszym okresie. Klasyczne eksperymenty ignorowa\u0142y d\u0142ugoterminowe efekty, a my chcieli\u015bmy dowiedzie\u0107 si\u0119, ile tracimy, badaj\u0105c u\u017cytkownik\u00f3w tylko raz, w por\u00f3wnaniu do d\u0142ugotrwa\u0142ej wsp\u00f3\u0142pracy.<\/p>\n\n\n\n<p>Wszystkie przeprowadzane przez nas eksperymenty mia\u0142y szczeg\u00f3\u0142owy opis, a ich procedury oraz analiza danych by\u0142y omawiane ze spo\u0142eczno\u015bci\u0105 naukow\u0105. Naszym celem by\u0142a popularyzacja tych metod badawczych i zach\u0119cenie innych naukowc\u00f3w do ich stosowania. Ostatecznym rezultatem by\u0142o zwi\u0119kszenie \u015bwiadomo\u015bci nowo odkrytych czynnik\u00f3w i w konsekwencji \u2013 lepsza jako\u015b\u0107 us\u0142ug wideo oraz innych tre\u015bci dla wszystkich u\u017cytkownik\u00f3w.<\/p>","protected":false},"excerpt":{"rendered":"<p>\u0179r\u00f3d\u0142o(a) finansowanie (Nazwa wo\u0142ania, Number) Narodowe Centrum Nauki (GRIEG, 2019\/34\/H\/ST6\/00599) Wielko\u015b\u0107 finansowania 4 253 150 PLN Rok rozpocz\u0119cia-zako\u0144czenia 2020-2024 Projekt \u201eCzynniki wp\u0142ywaj\u0105ce na jako\u015b\u0107 postrzegan\u0105 przez u\u017cytkownik\u00f3w us\u0142ug video. Badania z wykorzystaniem trafnych ekologicznie standard\u00f3w oceny\u201d mia\u0142 na celu lepsze zrozumienie, jakie czynniki odgrywaj\u0105 rol\u0119 podczas korzystania z us\u0142ug wideo: dlaczego niekt\u00f3re do\u015bwiadczenia by\u0142y pozytywne, &hellip; <\/p>\n<p class=\"link-more\"><a href=\"https:\/\/qoe.agh.edu.pl\/pl\/tufiqoe\/\" class=\"more-link\">Czytaj dalej<span class=\"screen-reader-text\"> \u201eTowards Better Understanding of Factors Influencing the QoE by More Ecologically-Valid Evaluation Standards (TUFIQoE)\u201d<\/span><\/a><\/p>","protected":false},"author":1,"featured_media":605,"parent":0,"menu_order":0,"comment_status":"closed","ping_status":"closed","template":"","meta":{"footnotes":""},"class_list":["post-457","page","type-page","status-publish","has-post-thumbnail","hentry"],"yoast_head":"<!-- This site is optimized with the Yoast SEO plugin v27.4 - https:\/\/yoast.com\/product\/yoast-seo-wordpress\/ -->\n<title>Towards Better Understanding of Factors Influencing the QoE by More Ecologically-Valid Evaluation Standards (TUFIQoE) - AGH Video Quality of Experience (QoE) Team<\/title>\n<meta name=\"robots\" content=\"index, follow, max-snippet:-1, max-image-preview:large, max-video-preview:-1\" \/>\n<link rel=\"canonical\" href=\"https:\/\/qoe.agh.edu.pl\/pl\/tufiqoe\/\" \/>\n<meta property=\"og:locale\" content=\"pl_PL\" \/>\n<meta property=\"og:type\" content=\"article\" \/>\n<meta property=\"og:title\" content=\"Towards Better Understanding of Factors Influencing the QoE by More Ecologically-Valid Evaluation Standards (TUFIQoE) - AGH Video Quality of Experience (QoE) Team\" \/>\n<meta property=\"og:description\" content=\"\u0179r\u00f3d\u0142o(a) finansowanie (Nazwa wo\u0142ania, Number) Narodowe Centrum Nauki (GRIEG, 2019\/34\/H\/ST6\/00599) Wielko\u015b\u0107 finansowania 4 253 150 PLN Rok rozpocz\u0119cia-zako\u0144czenia 2020-2024 Projekt \u201eCzynniki wp\u0142ywaj\u0105ce na jako\u015b\u0107 postrzegan\u0105 przez u\u017cytkownik\u00f3w us\u0142ug video. Badania z wykorzystaniem trafnych ekologicznie standard\u00f3w oceny\u201d mia\u0142 na celu lepsze zrozumienie, jakie czynniki odgrywaj\u0105 rol\u0119 podczas korzystania z us\u0142ug wideo: dlaczego niekt\u00f3re do\u015bwiadczenia by\u0142y pozytywne, &hellip; Czytaj dalej \u201eTowards Better Understanding of Factors Influencing the QoE by More Ecologically-Valid Evaluation Standards (TUFIQoE)\u201d\" \/>\n<meta property=\"og:url\" content=\"https:\/\/qoe.agh.edu.pl\/pl\/tufiqoe\/\" \/>\n<meta property=\"og:site_name\" content=\"AGH Video Quality of Experience (QoE) Team\" \/>\n<meta property=\"article:publisher\" content=\"https:\/\/www.facebook.com\/qoe.lab.agh\" \/>\n<meta property=\"article:modified_time\" content=\"2025-03-11T16:07:06+00:00\" \/>\n<meta property=\"og:image\" content=\"https:\/\/i0.wp.com\/qoe.agh.edu.pl\/wp-content\/uploads\/2022\/08\/11-209552.png?fit=534%2C262&ssl=1\" \/>\n\t<meta property=\"og:image:width\" content=\"534\" \/>\n\t<meta property=\"og:image:height\" content=\"262\" \/>\n\t<meta property=\"og:image:type\" content=\"image\/png\" \/>\n<meta name=\"twitter:card\" content=\"summary_large_image\" \/>\n<meta name=\"twitter:label1\" content=\"Szacowany czas czytania\" \/>\n\t<meta name=\"twitter:data1\" content=\"8 minut\" \/>\n<script type=\"application\/ld+json\" class=\"yoast-schema-graph\">{\"@context\":\"https:\\\/\\\/schema.org\",\"@graph\":[{\"@type\":\"WebPage\",\"@id\":\"https:\\\/\\\/qoe.agh.edu.pl\\\/tufiqoe\\\/\",\"url\":\"https:\\\/\\\/qoe.agh.edu.pl\\\/tufiqoe\\\/\",\"name\":\"Towards Better Understanding of Factors Influencing the QoE by More Ecologically-Valid Evaluation Standards (TUFIQoE) - AGH Video Quality of Experience (QoE) Team\",\"isPartOf\":{\"@id\":\"https:\\\/\\\/qoe.agh.edu.pl\\\/#website\"},\"primaryImageOfPage\":{\"@id\":\"https:\\\/\\\/qoe.agh.edu.pl\\\/tufiqoe\\\/#primaryimage\"},\"image\":{\"@id\":\"https:\\\/\\\/qoe.agh.edu.pl\\\/tufiqoe\\\/#primaryimage\"},\"thumbnailUrl\":\"https:\\\/\\\/i0.wp.com\\\/qoe.agh.edu.pl\\\/wp-content\\\/uploads\\\/2022\\\/08\\\/11-209552.png?fit=534%2C262&ssl=1\",\"datePublished\":\"2021-03-21T18:57:54+00:00\",\"dateModified\":\"2025-03-11T16:07:06+00:00\",\"breadcrumb\":{\"@id\":\"https:\\\/\\\/qoe.agh.edu.pl\\\/tufiqoe\\\/#breadcrumb\"},\"inLanguage\":\"pl-PL\",\"potentialAction\":[{\"@type\":\"ReadAction\",\"target\":[\"https:\\\/\\\/qoe.agh.edu.pl\\\/tufiqoe\\\/\"]}]},{\"@type\":\"ImageObject\",\"inLanguage\":\"pl-PL\",\"@id\":\"https:\\\/\\\/qoe.agh.edu.pl\\\/tufiqoe\\\/#primaryimage\",\"url\":\"https:\\\/\\\/i0.wp.com\\\/qoe.agh.edu.pl\\\/wp-content\\\/uploads\\\/2022\\\/08\\\/11-209552.png?fit=534%2C262&ssl=1\",\"contentUrl\":\"https:\\\/\\\/i0.wp.com\\\/qoe.agh.edu.pl\\\/wp-content\\\/uploads\\\/2022\\\/08\\\/11-209552.png?fit=534%2C262&ssl=1\",\"width\":534,\"height\":262},{\"@type\":\"BreadcrumbList\",\"@id\":\"https:\\\/\\\/qoe.agh.edu.pl\\\/tufiqoe\\\/#breadcrumb\",\"itemListElement\":[{\"@type\":\"ListItem\",\"position\":1,\"name\":\"Home\",\"item\":\"https:\\\/\\\/qoe.agh.edu.pl\\\/\"},{\"@type\":\"ListItem\",\"position\":2,\"name\":\"Towards Better Understanding of Factors Influencing the QoE by More Ecologically-Valid Evaluation Standards (TUFIQoE)\"}]},{\"@type\":\"WebSite\",\"@id\":\"https:\\\/\\\/qoe.agh.edu.pl\\\/#website\",\"url\":\"https:\\\/\\\/qoe.agh.edu.pl\\\/\",\"name\":\"AGH Video Quality of Experience (QoE) Team\",\"description\":\"\",\"publisher\":{\"@id\":\"https:\\\/\\\/qoe.agh.edu.pl\\\/#organization\"},\"potentialAction\":[{\"@type\":\"SearchAction\",\"target\":{\"@type\":\"EntryPoint\",\"urlTemplate\":\"https:\\\/\\\/qoe.agh.edu.pl\\\/?s={search_term_string}\"},\"query-input\":{\"@type\":\"PropertyValueSpecification\",\"valueRequired\":true,\"valueName\":\"search_term_string\"}}],\"inLanguage\":\"pl-PL\"},{\"@type\":\"Organization\",\"@id\":\"https:\\\/\\\/qoe.agh.edu.pl\\\/#organization\",\"name\":\"AGH Video Quality of Experience (QoE) Team\",\"url\":\"https:\\\/\\\/qoe.agh.edu.pl\\\/\",\"logo\":{\"@type\":\"ImageObject\",\"inLanguage\":\"pl-PL\",\"@id\":\"https:\\\/\\\/qoe.agh.edu.pl\\\/#\\\/schema\\\/logo\\\/image\\\/\",\"url\":\"https:\\\/\\\/i0.wp.com\\\/qoe.agh.edu.pl\\\/wp-content\\\/uploads\\\/2021\\\/05\\\/cropped-logoqoe_crop_square-1.png?fit=250%2C250&ssl=1\",\"contentUrl\":\"https:\\\/\\\/i0.wp.com\\\/qoe.agh.edu.pl\\\/wp-content\\\/uploads\\\/2021\\\/05\\\/cropped-logoqoe_crop_square-1.png?fit=250%2C250&ssl=1\",\"width\":250,\"height\":250,\"caption\":\"AGH Video Quality of Experience (QoE) Team\"},\"image\":{\"@id\":\"https:\\\/\\\/qoe.agh.edu.pl\\\/#\\\/schema\\\/logo\\\/image\\\/\"},\"sameAs\":[\"https:\\\/\\\/www.facebook.com\\\/qoe.lab.agh\"]}]}<\/script>\n<!-- \/ Yoast SEO plugin. -->","yoast_head_json":{"title":"Towards Better Understanding of Factors Influencing the QoE by More Ecologically-Valid Evaluation Standards (TUFIQoE) - AGH Video Quality of Experience (QoE) Team","robots":{"index":"index","follow":"follow","max-snippet":"max-snippet:-1","max-image-preview":"max-image-preview:large","max-video-preview":"max-video-preview:-1"},"canonical":"https:\/\/qoe.agh.edu.pl\/pl\/tufiqoe\/","og_locale":"pl_PL","og_type":"article","og_title":"Towards Better Understanding of Factors Influencing the QoE by More Ecologically-Valid Evaluation Standards (TUFIQoE) - AGH Video Quality of Experience (QoE) Team","og_description":"\u0179r\u00f3d\u0142o(a) finansowanie (Nazwa wo\u0142ania, Number) Narodowe Centrum Nauki (GRIEG, 2019\/34\/H\/ST6\/00599) Wielko\u015b\u0107 finansowania 4 253 150 PLN Rok rozpocz\u0119cia-zako\u0144czenia 2020-2024 Projekt \u201eCzynniki wp\u0142ywaj\u0105ce na jako\u015b\u0107 postrzegan\u0105 przez u\u017cytkownik\u00f3w us\u0142ug video. Badania z wykorzystaniem trafnych ekologicznie standard\u00f3w oceny\u201d mia\u0142 na celu lepsze zrozumienie, jakie czynniki odgrywaj\u0105 rol\u0119 podczas korzystania z us\u0142ug wideo: dlaczego niekt\u00f3re do\u015bwiadczenia by\u0142y pozytywne, &hellip; Czytaj dalej \u201eTowards Better Understanding of Factors Influencing the QoE by More Ecologically-Valid Evaluation Standards (TUFIQoE)\u201d","og_url":"https:\/\/qoe.agh.edu.pl\/pl\/tufiqoe\/","og_site_name":"AGH Video Quality of Experience (QoE) Team","article_publisher":"https:\/\/www.facebook.com\/qoe.lab.agh","article_modified_time":"2025-03-11T16:07:06+00:00","og_image":[{"width":534,"height":262,"url":"https:\/\/i0.wp.com\/qoe.agh.edu.pl\/wp-content\/uploads\/2022\/08\/11-209552.png?fit=534%2C262&ssl=1","type":"image\/png"}],"twitter_card":"summary_large_image","twitter_misc":{"Szacowany czas czytania":"8 minut"},"schema":{"@context":"https:\/\/schema.org","@graph":[{"@type":"WebPage","@id":"https:\/\/qoe.agh.edu.pl\/tufiqoe\/","url":"https:\/\/qoe.agh.edu.pl\/tufiqoe\/","name":"Towards Better Understanding of Factors Influencing the QoE by More Ecologically-Valid Evaluation Standards (TUFIQoE) - AGH Video Quality of Experience (QoE) Team","isPartOf":{"@id":"https:\/\/qoe.agh.edu.pl\/#website"},"primaryImageOfPage":{"@id":"https:\/\/qoe.agh.edu.pl\/tufiqoe\/#primaryimage"},"image":{"@id":"https:\/\/qoe.agh.edu.pl\/tufiqoe\/#primaryimage"},"thumbnailUrl":"https:\/\/i0.wp.com\/qoe.agh.edu.pl\/wp-content\/uploads\/2022\/08\/11-209552.png?fit=534%2C262&ssl=1","datePublished":"2021-03-21T18:57:54+00:00","dateModified":"2025-03-11T16:07:06+00:00","breadcrumb":{"@id":"https:\/\/qoe.agh.edu.pl\/tufiqoe\/#breadcrumb"},"inLanguage":"pl-PL","potentialAction":[{"@type":"ReadAction","target":["https:\/\/qoe.agh.edu.pl\/tufiqoe\/"]}]},{"@type":"ImageObject","inLanguage":"pl-PL","@id":"https:\/\/qoe.agh.edu.pl\/tufiqoe\/#primaryimage","url":"https:\/\/i0.wp.com\/qoe.agh.edu.pl\/wp-content\/uploads\/2022\/08\/11-209552.png?fit=534%2C262&ssl=1","contentUrl":"https:\/\/i0.wp.com\/qoe.agh.edu.pl\/wp-content\/uploads\/2022\/08\/11-209552.png?fit=534%2C262&ssl=1","width":534,"height":262},{"@type":"BreadcrumbList","@id":"https:\/\/qoe.agh.edu.pl\/tufiqoe\/#breadcrumb","itemListElement":[{"@type":"ListItem","position":1,"name":"Home","item":"https:\/\/qoe.agh.edu.pl\/"},{"@type":"ListItem","position":2,"name":"Towards Better Understanding of Factors Influencing the QoE by More Ecologically-Valid Evaluation Standards (TUFIQoE)"}]},{"@type":"WebSite","@id":"https:\/\/qoe.agh.edu.pl\/#website","url":"https:\/\/qoe.agh.edu.pl\/","name":"Zesp\u00f3\u0142 AGH Video Quality of Experience (QoE)","description":"","publisher":{"@id":"https:\/\/qoe.agh.edu.pl\/#organization"},"potentialAction":[{"@type":"SearchAction","target":{"@type":"EntryPoint","urlTemplate":"https:\/\/qoe.agh.edu.pl\/?s={search_term_string}"},"query-input":{"@type":"PropertyValueSpecification","valueRequired":true,"valueName":"search_term_string"}}],"inLanguage":"pl-PL"},{"@type":"Organization","@id":"https:\/\/qoe.agh.edu.pl\/#organization","name":"Zesp\u00f3\u0142 AGH Video Quality of Experience (QoE)","url":"https:\/\/qoe.agh.edu.pl\/","logo":{"@type":"ImageObject","inLanguage":"pl-PL","@id":"https:\/\/qoe.agh.edu.pl\/#\/schema\/logo\/image\/","url":"https:\/\/i0.wp.com\/qoe.agh.edu.pl\/wp-content\/uploads\/2021\/05\/cropped-logoqoe_crop_square-1.png?fit=250%2C250&ssl=1","contentUrl":"https:\/\/i0.wp.com\/qoe.agh.edu.pl\/wp-content\/uploads\/2021\/05\/cropped-logoqoe_crop_square-1.png?fit=250%2C250&ssl=1","width":250,"height":250,"caption":"AGH Video Quality of Experience (QoE) Team"},"image":{"@id":"https:\/\/qoe.agh.edu.pl\/#\/schema\/logo\/image\/"},"sameAs":["https:\/\/www.facebook.com\/qoe.lab.agh"]}]}},"jetpack_sharing_enabled":true,"_links":{"self":[{"href":"https:\/\/qoe.agh.edu.pl\/pl\/wp-json\/wp\/v2\/pages\/457","targetHints":{"allow":["GET"]}}],"collection":[{"href":"https:\/\/qoe.agh.edu.pl\/pl\/wp-json\/wp\/v2\/pages"}],"about":[{"href":"https:\/\/qoe.agh.edu.pl\/pl\/wp-json\/wp\/v2\/types\/page"}],"author":[{"embeddable":true,"href":"https:\/\/qoe.agh.edu.pl\/pl\/wp-json\/wp\/v2\/users\/1"}],"replies":[{"embeddable":true,"href":"https:\/\/qoe.agh.edu.pl\/pl\/wp-json\/wp\/v2\/comments?post=457"}],"version-history":[{"count":12,"href":"https:\/\/qoe.agh.edu.pl\/pl\/wp-json\/wp\/v2\/pages\/457\/revisions"}],"predecessor-version":[{"id":715,"href":"https:\/\/qoe.agh.edu.pl\/pl\/wp-json\/wp\/v2\/pages\/457\/revisions\/715"}],"wp:featuredmedia":[{"embeddable":true,"href":"https:\/\/qoe.agh.edu.pl\/pl\/wp-json\/wp\/v2\/media\/605"}],"wp:attachment":[{"href":"https:\/\/qoe.agh.edu.pl\/pl\/wp-json\/wp\/v2\/media?parent=457"}],"curies":[{"name":"wp","href":"https:\/\/api.w.org\/{rel}","templated":true}]}}