{"id":16,"date":"2021-02-22T21:11:43","date_gmt":"2021-02-22T20:11:43","guid":{"rendered":"http:\/\/qoe.agh.edu.pl\/?page_id=16"},"modified":"2021-03-18T22:09:44","modified_gmt":"2021-03-18T21:09:44","slug":"contact","status":"publish","type":"page","link":"https:\/\/qoe.agh.edu.pl\/pl\/contact\/","title":{"rendered":"Kontakt"},"content":{"rendered":"<div class=\"wp-block-columns alignwide is-layout-flex wp-container-core-columns-is-layout-9d6595d7 wp-block-columns-is-layout-flex\">\n<div class=\"wp-block-column is-layout-flow wp-block-column-is-layout-flow\">\n<p><a href=\"http:\/\/www.kt.agh.edu.pl\/pl\">Instytut Telekomunikacji<\/a><br>Akademia G\u00f3rniczo-Hutnicza im. Stanis\u0142awa Staszica w Krakowie<br>al. Mickiewicza 30<br>30-059 Krak\u00f3w<\/p>\n\n\n\n<p>Email: <a href=\"mailto:qoe@agh.edu.pl\">qoe@agh.edu.pl<\/a><br>YouTube: <a href=\"https:\/\/www.youtube.com\/channel\/UCiGI4olR7Vm5AMK7E-2Q5Yw\">Video Quality<\/a><br>Facebook: <a href=\"https:\/\/www.facebook.com\/Instytut.Telekomunikacji.AGH\">Instytut Telekomunikacji<\/a>, <a href=\"https:\/\/www.facebook.com\/Badania-jako\u015bci-multimedi\u00f3w-AGH-103980567764187\/\">Badania jako\u015bci multimedi\u00f3w - AGH<\/a><\/p>\n<\/div>\n\n\n\n<div class=\"wp-block-column is-layout-flow wp-block-column-is-layout-flow\">\n<figure class=\"wp-block-image size-large\"><img data-recalc-dims=\"1\" loading=\"lazy\" decoding=\"async\" width=\"423\" height=\"132\" data-attachment-id=\"214\" data-permalink=\"https:\/\/qoe.agh.edu.pl\/pl\/contact\/logoktengt\/\" data-orig-file=\"https:\/\/i0.wp.com\/qoe.agh.edu.pl\/wp-content\/uploads\/2021\/02\/logoKtEngT.png?fit=423%2C132&amp;ssl=1\" data-orig-size=\"423,132\" data-comments-opened=\"1\" data-image-meta=\"{&quot;aperture&quot;:&quot;0&quot;,&quot;credit&quot;:&quot;&quot;,&quot;camera&quot;:&quot;&quot;,&quot;caption&quot;:&quot;&quot;,&quot;created_timestamp&quot;:&quot;0&quot;,&quot;copyright&quot;:&quot;&quot;,&quot;focal_length&quot;:&quot;0&quot;,&quot;iso&quot;:&quot;0&quot;,&quot;shutter_speed&quot;:&quot;0&quot;,&quot;title&quot;:&quot;&quot;,&quot;orientation&quot;:&quot;0&quot;}\" data-image-title=\"logoKtEngT\" data-image-description=\"\" data-image-caption=\"\" data-large-file=\"https:\/\/i0.wp.com\/qoe.agh.edu.pl\/wp-content\/uploads\/2021\/02\/logoKtEngT.png?fit=423%2C132&amp;ssl=1\" src=\"https:\/\/i0.wp.com\/qoe.agh.edu.pl\/wp-content\/uploads\/2021\/02\/logoKtEngT.png?resize=423%2C132&#038;ssl=1\" alt=\"\" class=\"wp-image-214\" srcset=\"https:\/\/i0.wp.com\/qoe.agh.edu.pl\/wp-content\/uploads\/2021\/02\/logoKtEngT.png?w=423&amp;ssl=1 423w, https:\/\/i0.wp.com\/qoe.agh.edu.pl\/wp-content\/uploads\/2021\/02\/logoKtEngT.png?resize=300%2C94&amp;ssl=1 300w, https:\/\/i0.wp.com\/qoe.agh.edu.pl\/wp-content\/uploads\/2021\/02\/logoKtEngT.png?resize=16%2C5&amp;ssl=1 16w\" sizes=\"auto, (max-width: 423px) 100vw, 423px\" \/><\/figure>\n\n\n\n<figure class=\"wp-block-image size-large\"><img data-recalc-dims=\"1\" loading=\"lazy\" decoding=\"async\" width=\"525\" height=\"708\" data-attachment-id=\"216\" data-permalink=\"https:\/\/qoe.agh.edu.pl\/pl\/contact\/logoaghengt-1\/\" data-orig-file=\"https:\/\/i0.wp.com\/qoe.agh.edu.pl\/wp-content\/uploads\/2021\/02\/logoAghEngT-1.png?fit=541%2C730&amp;ssl=1\" data-orig-size=\"541,730\" data-comments-opened=\"1\" data-image-meta=\"{&quot;aperture&quot;:&quot;0&quot;,&quot;credit&quot;:&quot;&quot;,&quot;camera&quot;:&quot;&quot;,&quot;caption&quot;:&quot;&quot;,&quot;created_timestamp&quot;:&quot;0&quot;,&quot;copyright&quot;:&quot;&quot;,&quot;focal_length&quot;:&quot;0&quot;,&quot;iso&quot;:&quot;0&quot;,&quot;shutter_speed&quot;:&quot;0&quot;,&quot;title&quot;:&quot;&quot;,&quot;orientation&quot;:&quot;0&quot;}\" data-image-title=\"logoAghEngT-1\" data-image-description=\"\" data-image-caption=\"\" data-large-file=\"https:\/\/i0.wp.com\/qoe.agh.edu.pl\/wp-content\/uploads\/2021\/02\/logoAghEngT-1.png?fit=525%2C708&amp;ssl=1\" src=\"https:\/\/i0.wp.com\/qoe.agh.edu.pl\/wp-content\/uploads\/2021\/02\/logoAghEngT-1.png?resize=525%2C708&#038;ssl=1\" alt=\"\" class=\"wp-image-216\" srcset=\"https:\/\/i0.wp.com\/qoe.agh.edu.pl\/wp-content\/uploads\/2021\/02\/logoAghEngT-1.png?w=541&amp;ssl=1 541w, https:\/\/i0.wp.com\/qoe.agh.edu.pl\/wp-content\/uploads\/2021\/02\/logoAghEngT-1.png?resize=222%2C300&amp;ssl=1 222w, https:\/\/i0.wp.com\/qoe.agh.edu.pl\/wp-content\/uploads\/2021\/02\/logoAghEngT-1.png?resize=9%2C12&amp;ssl=1 9w\" sizes=\"auto, (max-width: 525px) 100vw, 525px\" \/><\/figure>\n<\/div>\n<\/div>","protected":false},"excerpt":{"rendered":"<p>Institute of TelecommunicationsAGH University of Science and Technologyal. Mickiewicza 3030-059 Krak\u00f3w Email: qoe@agh.edu.plYouTube: Video QualityFacebook: Institute of Telecommunications, Multimedia Quality Research &#8211; AGH<\/p>","protected":false},"author":1,"featured_media":0,"parent":0,"menu_order":0,"comment_status":"closed","ping_status":"closed","template":"","meta":{"footnotes":""},"class_list":["post-16","page","type-page","status-publish","hentry"],"yoast_head":"<!-- This site is optimized with the Yoast SEO plugin v27.4 - https:\/\/yoast.com\/product\/yoast-seo-wordpress\/ -->\n<title>Contact - AGH Video Quality of Experience (QoE) Team<\/title>\n<meta name=\"robots\" content=\"index, follow, max-snippet:-1, max-image-preview:large, max-video-preview:-1\" \/>\n<link rel=\"canonical\" href=\"https:\/\/qoe.agh.edu.pl\/pl\/contact\/\" \/>\n<meta property=\"og:locale\" content=\"pl_PL\" \/>\n<meta property=\"og:type\" content=\"article\" \/>\n<meta property=\"og:title\" content=\"Contact - AGH Video Quality of Experience (QoE) Team\" \/>\n<meta property=\"og:description\" content=\"Institute of TelecommunicationsAGH University of Science and Technologyal. Mickiewicza 3030-059 Krak\u00f3w Email: qoe@agh.edu.plYouTube: Video QualityFacebook: Institute of Telecommunications, Multimedia Quality Research &#8211; AGH\" \/>\n<meta property=\"og:url\" content=\"https:\/\/qoe.agh.edu.pl\/pl\/contact\/\" \/>\n<meta property=\"og:site_name\" content=\"AGH Video Quality of Experience (QoE) Team\" \/>\n<meta property=\"article:publisher\" content=\"https:\/\/www.facebook.com\/qoe.lab.agh\" \/>\n<meta property=\"article:modified_time\" content=\"2021-03-18T21:09:44+00:00\" \/>\n<meta property=\"og:image\" content=\"https:\/\/qoe.agh.edu.pl\/wp-content\/uploads\/2021\/02\/logoKtEngT.png\" \/>\n<meta name=\"twitter:card\" content=\"summary_large_image\" \/>\n<script type=\"application\/ld+json\" class=\"yoast-schema-graph\">{\"@context\":\"https:\\\/\\\/schema.org\",\"@graph\":[{\"@type\":\"WebPage\",\"@id\":\"https:\\\/\\\/qoe.agh.edu.pl\\\/contact\\\/\",\"url\":\"https:\\\/\\\/qoe.agh.edu.pl\\\/contact\\\/\",\"name\":\"Contact - AGH Video Quality of Experience (QoE) Team\",\"isPartOf\":{\"@id\":\"https:\\\/\\\/qoe.agh.edu.pl\\\/#website\"},\"primaryImageOfPage\":{\"@id\":\"https:\\\/\\\/qoe.agh.edu.pl\\\/contact\\\/#primaryimage\"},\"image\":{\"@id\":\"https:\\\/\\\/qoe.agh.edu.pl\\\/contact\\\/#primaryimage\"},\"thumbnailUrl\":\"https:\\\/\\\/qoe.agh.edu.pl\\\/wp-content\\\/uploads\\\/2021\\\/02\\\/logoKtEngT.png\",\"datePublished\":\"2021-02-22T20:11:43+00:00\",\"dateModified\":\"2021-03-18T21:09:44+00:00\",\"breadcrumb\":{\"@id\":\"https:\\\/\\\/qoe.agh.edu.pl\\\/contact\\\/#breadcrumb\"},\"inLanguage\":\"pl-PL\",\"potentialAction\":[{\"@type\":\"ReadAction\",\"target\":[\"https:\\\/\\\/qoe.agh.edu.pl\\\/contact\\\/\"]}]},{\"@type\":\"ImageObject\",\"inLanguage\":\"pl-PL\",\"@id\":\"https:\\\/\\\/qoe.agh.edu.pl\\\/contact\\\/#primaryimage\",\"url\":\"https:\\\/\\\/qoe.agh.edu.pl\\\/wp-content\\\/uploads\\\/2021\\\/02\\\/logoKtEngT.png\",\"contentUrl\":\"https:\\\/\\\/qoe.agh.edu.pl\\\/wp-content\\\/uploads\\\/2021\\\/02\\\/logoKtEngT.png\"},{\"@type\":\"BreadcrumbList\",\"@id\":\"https:\\\/\\\/qoe.agh.edu.pl\\\/contact\\\/#breadcrumb\",\"itemListElement\":[{\"@type\":\"ListItem\",\"position\":1,\"name\":\"Home\",\"item\":\"https:\\\/\\\/qoe.agh.edu.pl\\\/\"},{\"@type\":\"ListItem\",\"position\":2,\"name\":\"Contact\"}]},{\"@type\":\"WebSite\",\"@id\":\"https:\\\/\\\/qoe.agh.edu.pl\\\/#website\",\"url\":\"https:\\\/\\\/qoe.agh.edu.pl\\\/\",\"name\":\"AGH Video Quality of Experience (QoE) Team\",\"description\":\"\",\"publisher\":{\"@id\":\"https:\\\/\\\/qoe.agh.edu.pl\\\/#organization\"},\"potentialAction\":[{\"@type\":\"SearchAction\",\"target\":{\"@type\":\"EntryPoint\",\"urlTemplate\":\"https:\\\/\\\/qoe.agh.edu.pl\\\/?s={search_term_string}\"},\"query-input\":{\"@type\":\"PropertyValueSpecification\",\"valueRequired\":true,\"valueName\":\"search_term_string\"}}],\"inLanguage\":\"pl-PL\"},{\"@type\":\"Organization\",\"@id\":\"https:\\\/\\\/qoe.agh.edu.pl\\\/#organization\",\"name\":\"AGH Video Quality of Experience (QoE) Team\",\"url\":\"https:\\\/\\\/qoe.agh.edu.pl\\\/\",\"logo\":{\"@type\":\"ImageObject\",\"inLanguage\":\"pl-PL\",\"@id\":\"https:\\\/\\\/qoe.agh.edu.pl\\\/#\\\/schema\\\/logo\\\/image\\\/\",\"url\":\"https:\\\/\\\/i0.wp.com\\\/qoe.agh.edu.pl\\\/wp-content\\\/uploads\\\/2021\\\/05\\\/cropped-logoqoe_crop_square-1.png?fit=250%2C250&ssl=1\",\"contentUrl\":\"https:\\\/\\\/i0.wp.com\\\/qoe.agh.edu.pl\\\/wp-content\\\/uploads\\\/2021\\\/05\\\/cropped-logoqoe_crop_square-1.png?fit=250%2C250&ssl=1\",\"width\":250,\"height\":250,\"caption\":\"AGH Video Quality of Experience (QoE) Team\"},\"image\":{\"@id\":\"https:\\\/\\\/qoe.agh.edu.pl\\\/#\\\/schema\\\/logo\\\/image\\\/\"},\"sameAs\":[\"https:\\\/\\\/www.facebook.com\\\/qoe.lab.agh\"]}]}<\/script>\n<!-- \/ Yoast SEO plugin. -->","yoast_head_json":{"title":"Contact - AGH Video Quality of Experience (QoE) Team","robots":{"index":"index","follow":"follow","max-snippet":"max-snippet:-1","max-image-preview":"max-image-preview:large","max-video-preview":"max-video-preview:-1"},"canonical":"https:\/\/qoe.agh.edu.pl\/pl\/contact\/","og_locale":"pl_PL","og_type":"article","og_title":"Contact - AGH Video Quality of Experience (QoE) Team","og_description":"Institute of TelecommunicationsAGH University of Science and Technologyal. Mickiewicza 3030-059 Krak\u00f3w Email: qoe@agh.edu.plYouTube: Video QualityFacebook: Institute of Telecommunications, Multimedia Quality Research &#8211; AGH","og_url":"https:\/\/qoe.agh.edu.pl\/pl\/contact\/","og_site_name":"AGH Video Quality of Experience (QoE) Team","article_publisher":"https:\/\/www.facebook.com\/qoe.lab.agh","article_modified_time":"2021-03-18T21:09:44+00:00","og_image":[{"url":"https:\/\/qoe.agh.edu.pl\/wp-content\/uploads\/2021\/02\/logoKtEngT.png","type":"","width":"","height":""}],"twitter_card":"summary_large_image","schema":{"@context":"https:\/\/schema.org","@graph":[{"@type":"WebPage","@id":"https:\/\/qoe.agh.edu.pl\/contact\/","url":"https:\/\/qoe.agh.edu.pl\/contact\/","name":"Contact - AGH Video Quality of Experience (QoE) Team","isPartOf":{"@id":"https:\/\/qoe.agh.edu.pl\/#website"},"primaryImageOfPage":{"@id":"https:\/\/qoe.agh.edu.pl\/contact\/#primaryimage"},"image":{"@id":"https:\/\/qoe.agh.edu.pl\/contact\/#primaryimage"},"thumbnailUrl":"https:\/\/qoe.agh.edu.pl\/wp-content\/uploads\/2021\/02\/logoKtEngT.png","datePublished":"2021-02-22T20:11:43+00:00","dateModified":"2021-03-18T21:09:44+00:00","breadcrumb":{"@id":"https:\/\/qoe.agh.edu.pl\/contact\/#breadcrumb"},"inLanguage":"pl-PL","potentialAction":[{"@type":"ReadAction","target":["https:\/\/qoe.agh.edu.pl\/contact\/"]}]},{"@type":"ImageObject","inLanguage":"pl-PL","@id":"https:\/\/qoe.agh.edu.pl\/contact\/#primaryimage","url":"https:\/\/qoe.agh.edu.pl\/wp-content\/uploads\/2021\/02\/logoKtEngT.png","contentUrl":"https:\/\/qoe.agh.edu.pl\/wp-content\/uploads\/2021\/02\/logoKtEngT.png"},{"@type":"BreadcrumbList","@id":"https:\/\/qoe.agh.edu.pl\/contact\/#breadcrumb","itemListElement":[{"@type":"ListItem","position":1,"name":"Home","item":"https:\/\/qoe.agh.edu.pl\/"},{"@type":"ListItem","position":2,"name":"Contact"}]},{"@type":"WebSite","@id":"https:\/\/qoe.agh.edu.pl\/#website","url":"https:\/\/qoe.agh.edu.pl\/","name":"Zesp\u00f3\u0142 AGH Video Quality of Experience (QoE)","description":"","publisher":{"@id":"https:\/\/qoe.agh.edu.pl\/#organization"},"potentialAction":[{"@type":"SearchAction","target":{"@type":"EntryPoint","urlTemplate":"https:\/\/qoe.agh.edu.pl\/?s={search_term_string}"},"query-input":{"@type":"PropertyValueSpecification","valueRequired":true,"valueName":"search_term_string"}}],"inLanguage":"pl-PL"},{"@type":"Organization","@id":"https:\/\/qoe.agh.edu.pl\/#organization","name":"Zesp\u00f3\u0142 AGH Video Quality of Experience (QoE)","url":"https:\/\/qoe.agh.edu.pl\/","logo":{"@type":"ImageObject","inLanguage":"pl-PL","@id":"https:\/\/qoe.agh.edu.pl\/#\/schema\/logo\/image\/","url":"https:\/\/i0.wp.com\/qoe.agh.edu.pl\/wp-content\/uploads\/2021\/05\/cropped-logoqoe_crop_square-1.png?fit=250%2C250&ssl=1","contentUrl":"https:\/\/i0.wp.com\/qoe.agh.edu.pl\/wp-content\/uploads\/2021\/05\/cropped-logoqoe_crop_square-1.png?fit=250%2C250&ssl=1","width":250,"height":250,"caption":"AGH Video Quality of Experience (QoE) Team"},"image":{"@id":"https:\/\/qoe.agh.edu.pl\/#\/schema\/logo\/image\/"},"sameAs":["https:\/\/www.facebook.com\/qoe.lab.agh"]}]}},"jetpack_sharing_enabled":true,"_links":{"self":[{"href":"https:\/\/qoe.agh.edu.pl\/pl\/wp-json\/wp\/v2\/pages\/16","targetHints":{"allow":["GET"]}}],"collection":[{"href":"https:\/\/qoe.agh.edu.pl\/pl\/wp-json\/wp\/v2\/pages"}],"about":[{"href":"https:\/\/qoe.agh.edu.pl\/pl\/wp-json\/wp\/v2\/types\/page"}],"author":[{"embeddable":true,"href":"https:\/\/qoe.agh.edu.pl\/pl\/wp-json\/wp\/v2\/users\/1"}],"replies":[{"embeddable":true,"href":"https:\/\/qoe.agh.edu.pl\/pl\/wp-json\/wp\/v2\/comments?post=16"}],"version-history":[{"count":4,"href":"https:\/\/qoe.agh.edu.pl\/pl\/wp-json\/wp\/v2\/pages\/16\/revisions"}],"predecessor-version":[{"id":219,"href":"https:\/\/qoe.agh.edu.pl\/pl\/wp-json\/wp\/v2\/pages\/16\/revisions\/219"}],"wp:attachment":[{"href":"https:\/\/qoe.agh.edu.pl\/pl\/wp-json\/wp\/v2\/media?parent=16"}],"curies":[{"name":"wp","href":"https:\/\/api.w.org\/{rel}","templated":true}]}}